{"id":637,"date":"2025-02-11T00:54:57","date_gmt":"2025-02-11T05:54:57","guid":{"rendered":"https:\/\/inoxcosmetics.com\/?post_type=product&#038;p=637"},"modified":"2025-12-29T09:42:41","modified_gmt":"2025-12-29T14:42:41","slug":"collection-antioxydant-le-rituel","status":"publish","type":"product","link":"https:\/\/inoxcosmetics.com\/fr\/produit\/collection-antioxydant-le-rituel\/","title":{"rendered":"Kit Rituel Antioxydant &#8211; En rupture d&rsquo;inventaire-"},"content":{"rendered":"<p>Am\u00e9liorez sa routine de soins de la peau avec la <strong>collection soins de la peau<\/strong> <strong>A<\/strong><b>ntioxydant,<\/b> un rituel moderne de tout les jours qui valorise la performance et les soins personnels. <strong>Fabriqu\u00e9 au Qu\u00e9bec<\/strong><\/p>\n<p>Ce coffret cadeau exclusif comprend le <strong>Gel nettoyant Pur<\/strong> doux \u00e9limine en douceur les impuret\u00e9s tout en maintenant l&rsquo;hydratation. <strong>L&rsquo;hydratant 24h\/ 7<\/strong>\u00a0 -Offre une hydratation et une protection de la peau. Un s\u00e9rum booster <strong>antioxydant de Vitamine C<\/strong> &#8211; Dot\u00e9 d&rsquo;une technologie nouvellement am\u00e9lior\u00e9 de la peau att\u00e9nues les taches pigmentaires.<\/p>\n<p>Un v\u00e9ritable antioxydant antipollution concentr\u00e9 d&rsquo;ingr\u00e9dients revitalisants un s\u00e9rum 3\/1 contient:\u00a0 Vitamine C, HA ( acide hyaluronique) haut et bas poids mol\u00e9culaire, le collag\u00e8ne marin.\u00a0 Vitamines, prot\u00e9ines et lipides. Ce s\u00e9rum de la gamme inox utilise une<strong> forme stabilis\u00e9e de vitamines C<\/strong>, diminue les taches pigmentaires, am\u00e9liore l&rsquo;\u00e9lasticit\u00e9 redonne \u00e9clat unifie le teint lisse la peau et ridule.<\/p>\n<p>D\u00e9couvrez le <strong>savon Ch\u00e8vrefeuille\u00a0<\/strong> reconnu pour son parfum doux et envirant, le ch\u00e8vrefeuille apaise l&rsquo;esprit et favorise la relaxation, exclusivit\u00e9\u00a0 pour la gamme Inox Cosm\u00e9tique.\u00a0 Savon saponifier a froid. <strong>Fabriqu\u00e9 au Qu\u00e9bec, <\/strong>\u00c9dition Limit\u00e9e.<\/p>\n<p>Parfait pour une occasion cet ensemble de soins haut de gamme garde sa peau fra\u00eeche, lisse et \u00e9nergique au quotidien. Le luxe rencontre la science, un cadeau qu&rsquo;il appr\u00e9ciera.<\/p>\n","protected":false},"excerpt":{"rendered":"<p>Am\u00e9liorez votre routine ou sa routine de soins de la peau avec le coffret antioxydant le rituel de soin, con\u00e7u pour un style\u00a0 moderne qui valorise la performance et les soins personnels. Ce coffret cadeau exclusif comprend un nettoyant <strong>Gel Pure ultra doux<\/strong>, a base de mandarine et lime vitamine F,E acides anim\u00e9\u00a0 sans SLS\u00a0 \u00e9limine les impuret\u00e9s toute en maintenant l&rsquo;hydratation. <strong>Inox Fabriqu\u00e9 au Qu\u00e9bec<\/strong><\/p>\n<p>Un <strong>hydratant 24h\/7<\/strong> &#8211; Offre une hydratation HA ( acide hyaluronique) de haute poids et bas poids mol\u00e9culaire qui r\u00e9duit la d\u00e9shydratation et soutien la synth\u00e8se du collag\u00e8ne et l&rsquo;\u00e9lastine. Purifiant revitalisant apaisant aide a soulager les rougeurs et les d\u00e9mangeaisons. <strong>Notre s\u00e9rum antioxydant<\/strong> antipollution\u00a0 base de <strong>Vitamine C\u00a0 stable sans s&rsquo;oxyder<\/strong>, lui permettant d&rsquo;augmenter ses performances de mani\u00e8re stable et contr\u00f4l\u00e9e,<strong> diminue les taches pigmentaires, unifie le teint, lisse les ridules, redonne l&rsquo;\u00e9clat et vitalit\u00e9<\/strong>. S\u00e9rum\u00a0 Booster 3\/1 comprend la Vitamine C, collag\u00e8ne marin et l&rsquo;acide hyaluronique.<\/p>\n<p>D\u00e9couvrez le<strong> savon artisanal Ch\u00e8vrefeuille<\/strong> un <strong>savon luxueux saponifier a froid, Fabriqu\u00e9 au Qu\u00e9bec<\/strong> exclusivement pour la gamme inox. Offrant un soins nettoyage frais et doux, beurre de karit\u00e9, huile d&rsquo;olive, huile d&rsquo;avocat, et de noix de coco. Le ch\u00e8vrefeuille est reconnu pour son parfum\u00a0 doux et envirant, le ch\u00e8vrefeuille apaise l&rsquo;esprit et favorise la relaxation. son absolue naturel aide a r\u00e9duire le stress et l&rsquo;anxi\u00e9t\u00e9, cr\u00e9ant une sensation de bien-\u00eatre profond.<\/p>\n","protected":false},"featured_media":699,"comment_status":"open","ping_status":"closed","template":"","meta":[],"product_brand":[],"product_cat":[49],"product_tag":[],"giftcard-category":[],"class_list":{"0":"post-637","1":"product","2":"type-product","3":"status-publish","4":"has-post-thumbnail","6":"product_cat-pour-hommes","8":"first","9":"instock","10":"taxable","11":"shipping-taxable","12":"purchasable","13":"product-type-simple"},"yoast_head":"<!-- This site is optimized with the Yoast SEO plugin v27.1.1 - https:\/\/yoast.com\/product\/yoast-seo-wordpress\/ -->\n<title>Kit Rituel Antioxydant - En rupture d&#039;inventaire- | INOX<\/title>\n<meta name=\"description\" content=\"Pour une occasion avec le cadeau ultime ! Ce coffret inclus un nettoyant, hydratant 24h\/7, s\u00e9rum Vitamine C et savon exclusif inox\" \/>\n<meta name=\"robots\" content=\"index, follow, max-snippet:-1, max-image-preview:large, max-video-preview:-1\" \/>\n<link rel=\"canonical\" href=\"https:\/\/inoxcosmetics.com\/fr\/produit\/collection-antioxydant-le-rituel\/\" \/>\n<meta property=\"og:locale\" content=\"fr_FR\" \/>\n<meta property=\"og:type\" content=\"article\" \/>\n<meta property=\"og:title\" content=\"Kit Rituel Antioxydant - En rupture d&#039;inventaire- | INOX\" \/>\n<meta property=\"og:description\" content=\"Pour une occasion avec le cadeau ultime ! Ce coffret inclus un nettoyant, hydratant 24h\/7, s\u00e9rum Vitamine C et savon exclusif inox\" \/>\n<meta property=\"og:url\" content=\"https:\/\/inoxcosmetics.com\/fr\/produit\/collection-antioxydant-le-rituel\/\" \/>\n<meta property=\"og:site_name\" content=\"INOX\" \/>\n<meta property=\"article:modified_time\" content=\"2025-12-29T14:42:41+00:00\" \/>\n<meta property=\"og:image\" content=\"https:\/\/inoxcosmetics.com\/wp-content\/uploads\/2025\/02\/collection-pour-homme-2-654x800.jpg\" \/>\n\t<meta property=\"og:image:width\" content=\"654\" \/>\n\t<meta property=\"og:image:height\" content=\"800\" \/>\n\t<meta property=\"og:image:type\" content=\"image\/jpeg\" \/>\n<meta name=\"twitter:card\" content=\"summary_large_image\" \/>\n<meta name=\"twitter:label1\" content=\"Dur\u00e9e de lecture estim\u00e9e\" \/>\n\t<meta name=\"twitter:data1\" content=\"2 minutes\" \/>\n<script type=\"application\/ld+json\" class=\"yoast-schema-graph\">{\"@context\":\"https:\/\/schema.org\",\"@graph\":[{\"@type\":\"WebPage\",\"@id\":\"https:\/\/inoxcosmetics.com\/fr\/produit\/collection-antioxydant-le-rituel\/\",\"url\":\"https:\/\/inoxcosmetics.com\/fr\/produit\/collection-antioxydant-le-rituel\/\",\"name\":\"Kit Rituel Antioxydant - En rupture d'inventaire- | INOX\",\"isPartOf\":{\"@id\":\"https:\/\/inoxcosmetics.com\/#website\"},\"primaryImageOfPage\":{\"@id\":\"https:\/\/inoxcosmetics.com\/fr\/produit\/collection-antioxydant-le-rituel\/#primaryimage\"},\"image\":{\"@id\":\"https:\/\/inoxcosmetics.com\/fr\/produit\/collection-antioxydant-le-rituel\/#primaryimage\"},\"thumbnailUrl\":\"https:\/\/inoxcosmetics.com\/wp-content\/uploads\/2025\/02\/collection-pour-homme-2.jpg\",\"datePublished\":\"2025-02-11T05:54:57+00:00\",\"dateModified\":\"2025-12-29T14:42:41+00:00\",\"description\":\"Pour une occasion avec le cadeau ultime ! Ce coffret inclus un nettoyant, hydratant 24h\/7, s\u00e9rum Vitamine C et savon exclusif inox\",\"breadcrumb\":{\"@id\":\"https:\/\/inoxcosmetics.com\/fr\/produit\/collection-antioxydant-le-rituel\/#breadcrumb\"},\"inLanguage\":\"fr-FR\",\"potentialAction\":[{\"@type\":\"ReadAction\",\"target\":[\"https:\/\/inoxcosmetics.com\/fr\/produit\/collection-antioxydant-le-rituel\/\"]}]},{\"@type\":\"ImageObject\",\"inLanguage\":\"fr-FR\",\"@id\":\"https:\/\/inoxcosmetics.com\/fr\/produit\/collection-antioxydant-le-rituel\/#primaryimage\",\"url\":\"https:\/\/inoxcosmetics.com\/wp-content\/uploads\/2025\/02\/collection-pour-homme-2.jpg\",\"contentUrl\":\"https:\/\/inoxcosmetics.com\/wp-content\/uploads\/2025\/02\/collection-pour-homme-2.jpg\",\"width\":1848,\"height\":2262},{\"@type\":\"BreadcrumbList\",\"@id\":\"https:\/\/inoxcosmetics.com\/fr\/produit\/collection-antioxydant-le-rituel\/#breadcrumb\",\"itemListElement\":[{\"@type\":\"ListItem\",\"position\":1,\"name\":\"Home\",\"item\":\"https:\/\/inoxcosmetics.com\/fr\/\"},{\"@type\":\"ListItem\",\"position\":2,\"name\":\"Boutique\",\"item\":\"https:\/\/inoxcosmetics.com\/fr\/boutique\/\"},{\"@type\":\"ListItem\",\"position\":3,\"name\":\"Kit Rituel Antioxydant &#8211; En rupture d&#8217;inventaire-\"}]},{\"@type\":\"WebSite\",\"@id\":\"https:\/\/inoxcosmetics.com\/#website\",\"url\":\"https:\/\/inoxcosmetics.com\/\",\"name\":\"INOX\",\"description\":\"Innovation, Natural, Oxygen, Xfactor.\",\"publisher\":{\"@id\":\"https:\/\/inoxcosmetics.com\/#organization\"},\"alternateName\":\"INOX Cosmetics\",\"potentialAction\":[{\"@type\":\"SearchAction\",\"target\":{\"@type\":\"EntryPoint\",\"urlTemplate\":\"https:\/\/inoxcosmetics.com\/?s={search_term_string}\"},\"query-input\":{\"@type\":\"PropertyValueSpecification\",\"valueRequired\":true,\"valueName\":\"search_term_string\"}}],\"inLanguage\":\"fr-FR\"},{\"@type\":\"Organization\",\"@id\":\"https:\/\/inoxcosmetics.com\/#organization\",\"name\":\"INOX\",\"alternateName\":\"INOX Cosmetics\",\"url\":\"https:\/\/inoxcosmetics.com\/\",\"logo\":{\"@type\":\"ImageObject\",\"inLanguage\":\"fr-FR\",\"@id\":\"https:\/\/inoxcosmetics.com\/#\/schema\/logo\/image\/\",\"url\":\"https:\/\/inoxcosmetics.com\/wp-content\/uploads\/2022\/09\/logo.png\",\"contentUrl\":\"https:\/\/inoxcosmetics.com\/wp-content\/uploads\/2022\/09\/logo.png\",\"width\":245,\"height\":84,\"caption\":\"INOX\"},\"image\":{\"@id\":\"https:\/\/inoxcosmetics.com\/#\/schema\/logo\/image\/\"}}]}<\/script>\n<!-- \/ Yoast SEO plugin. -->","yoast_head_json":{"title":"Kit Rituel Antioxydant - En rupture d'inventaire- | INOX","description":"Pour une occasion avec le cadeau ultime ! Ce coffret inclus un nettoyant, hydratant 24h\/7, s\u00e9rum Vitamine C et savon exclusif inox","robots":{"index":"index","follow":"follow","max-snippet":"max-snippet:-1","max-image-preview":"max-image-preview:large","max-video-preview":"max-video-preview:-1"},"canonical":"https:\/\/inoxcosmetics.com\/fr\/produit\/collection-antioxydant-le-rituel\/","og_locale":"fr_FR","og_type":"article","og_title":"Kit Rituel Antioxydant - En rupture d'inventaire- | INOX","og_description":"Pour une occasion avec le cadeau ultime ! Ce coffret inclus un nettoyant, hydratant 24h\/7, s\u00e9rum Vitamine C et savon exclusif inox","og_url":"https:\/\/inoxcosmetics.com\/fr\/produit\/collection-antioxydant-le-rituel\/","og_site_name":"INOX","article_modified_time":"2025-12-29T14:42:41+00:00","og_image":[{"width":654,"height":800,"url":"https:\/\/inoxcosmetics.com\/wp-content\/uploads\/2025\/02\/collection-pour-homme-2-654x800.jpg","type":"image\/jpeg"}],"twitter_card":"summary_large_image","twitter_misc":{"Dur\u00e9e de lecture estim\u00e9e":"2 minutes"},"schema":{"@context":"https:\/\/schema.org","@graph":[{"@type":"WebPage","@id":"https:\/\/inoxcosmetics.com\/fr\/produit\/collection-antioxydant-le-rituel\/","url":"https:\/\/inoxcosmetics.com\/fr\/produit\/collection-antioxydant-le-rituel\/","name":"Kit Rituel Antioxydant - En rupture d'inventaire- | INOX","isPartOf":{"@id":"https:\/\/inoxcosmetics.com\/#website"},"primaryImageOfPage":{"@id":"https:\/\/inoxcosmetics.com\/fr\/produit\/collection-antioxydant-le-rituel\/#primaryimage"},"image":{"@id":"https:\/\/inoxcosmetics.com\/fr\/produit\/collection-antioxydant-le-rituel\/#primaryimage"},"thumbnailUrl":"https:\/\/inoxcosmetics.com\/wp-content\/uploads\/2025\/02\/collection-pour-homme-2.jpg","datePublished":"2025-02-11T05:54:57+00:00","dateModified":"2025-12-29T14:42:41+00:00","description":"Pour une occasion avec le cadeau ultime ! Ce coffret inclus un nettoyant, hydratant 24h\/7, s\u00e9rum Vitamine C et savon exclusif inox","breadcrumb":{"@id":"https:\/\/inoxcosmetics.com\/fr\/produit\/collection-antioxydant-le-rituel\/#breadcrumb"},"inLanguage":"fr-FR","potentialAction":[{"@type":"ReadAction","target":["https:\/\/inoxcosmetics.com\/fr\/produit\/collection-antioxydant-le-rituel\/"]}]},{"@type":"ImageObject","inLanguage":"fr-FR","@id":"https:\/\/inoxcosmetics.com\/fr\/produit\/collection-antioxydant-le-rituel\/#primaryimage","url":"https:\/\/inoxcosmetics.com\/wp-content\/uploads\/2025\/02\/collection-pour-homme-2.jpg","contentUrl":"https:\/\/inoxcosmetics.com\/wp-content\/uploads\/2025\/02\/collection-pour-homme-2.jpg","width":1848,"height":2262},{"@type":"BreadcrumbList","@id":"https:\/\/inoxcosmetics.com\/fr\/produit\/collection-antioxydant-le-rituel\/#breadcrumb","itemListElement":[{"@type":"ListItem","position":1,"name":"Home","item":"https:\/\/inoxcosmetics.com\/fr\/"},{"@type":"ListItem","position":2,"name":"Boutique","item":"https:\/\/inoxcosmetics.com\/fr\/boutique\/"},{"@type":"ListItem","position":3,"name":"Kit Rituel Antioxydant &#8211; En rupture d&#8217;inventaire-"}]},{"@type":"WebSite","@id":"https:\/\/inoxcosmetics.com\/#website","url":"https:\/\/inoxcosmetics.com\/","name":"INOX","description":"Innovation, Natural, Oxygen, Xfactor.","publisher":{"@id":"https:\/\/inoxcosmetics.com\/#organization"},"alternateName":"INOX Cosmetics","potentialAction":[{"@type":"SearchAction","target":{"@type":"EntryPoint","urlTemplate":"https:\/\/inoxcosmetics.com\/?s={search_term_string}"},"query-input":{"@type":"PropertyValueSpecification","valueRequired":true,"valueName":"search_term_string"}}],"inLanguage":"fr-FR"},{"@type":"Organization","@id":"https:\/\/inoxcosmetics.com\/#organization","name":"INOX","alternateName":"INOX Cosmetics","url":"https:\/\/inoxcosmetics.com\/","logo":{"@type":"ImageObject","inLanguage":"fr-FR","@id":"https:\/\/inoxcosmetics.com\/#\/schema\/logo\/image\/","url":"https:\/\/inoxcosmetics.com\/wp-content\/uploads\/2022\/09\/logo.png","contentUrl":"https:\/\/inoxcosmetics.com\/wp-content\/uploads\/2022\/09\/logo.png","width":245,"height":84,"caption":"INOX"},"image":{"@id":"https:\/\/inoxcosmetics.com\/#\/schema\/logo\/image\/"}}]}},"_links":{"self":[{"href":"https:\/\/inoxcosmetics.com\/fr\/wp-json\/wp\/v2\/product\/637","targetHints":{"allow":["GET"]}}],"collection":[{"href":"https:\/\/inoxcosmetics.com\/fr\/wp-json\/wp\/v2\/product"}],"about":[{"href":"https:\/\/inoxcosmetics.com\/fr\/wp-json\/wp\/v2\/types\/product"}],"replies":[{"embeddable":true,"href":"https:\/\/inoxcosmetics.com\/fr\/wp-json\/wp\/v2\/comments?post=637"}],"wp:featuredmedia":[{"embeddable":true,"href":"https:\/\/inoxcosmetics.com\/fr\/wp-json\/wp\/v2\/media\/699"}],"wp:attachment":[{"href":"https:\/\/inoxcosmetics.com\/fr\/wp-json\/wp\/v2\/media?parent=637"}],"wp:term":[{"taxonomy":"product_brand","embeddable":true,"href":"https:\/\/inoxcosmetics.com\/fr\/wp-json\/wp\/v2\/product_brand?post=637"},{"taxonomy":"product_cat","embeddable":true,"href":"https:\/\/inoxcosmetics.com\/fr\/wp-json\/wp\/v2\/product_cat?post=637"},{"taxonomy":"product_tag","embeddable":true,"href":"https:\/\/inoxcosmetics.com\/fr\/wp-json\/wp\/v2\/product_tag?post=637"},{"taxonomy":"giftcard-category","embeddable":true,"href":"https:\/\/inoxcosmetics.com\/fr\/wp-json\/wp\/v2\/giftcard-category?post=637"}],"curies":[{"name":"wp","href":"https:\/\/api.w.org\/{rel}","templated":true}]}}