{"id":597,"date":"2024-12-05T00:49:58","date_gmt":"2024-12-05T06:18:09","guid":{"rendered":"https:\/\/inoxcosmetics.com\/?post_type=product&#038;p=597"},"modified":"2025-06-30T01:33:42","modified_gmt":"2025-06-30T05:33:42","slug":"savon-naturel","status":"publish","type":"product","link":"https:\/\/inoxcosmetics.com\/fr\/produit\/savon-naturel\/","title":{"rendered":"Savon Artisanal \u00c9co- responsable Biod\u00e9gradable"},"content":{"rendered":"<p>Savon de luxe fait \u00e0 la main. Nos savons sont con\u00e7us dans un esprit de durabilit\u00e9, efficaces et sains pour la plan\u00e8te et notre sant\u00e9. Nos savons saponifi\u00e9s \u00e0 froid sont fabriqu\u00e9s a base d&rsquo;huile d&rsquo;olive, huile d&rsquo;avocat, huile de noix de coco et enrichie en beurre de karit\u00e9, huilles essentielles naturelles. Sans huile de palme. V\u00e9gan, huile essentielles naturel. D\u00e9couvrez le savon Ch\u00e8vrefeuille un savon luxueux fabriqu\u00e9 exclusivement pour la gamme inox, offrant un soin nettoyage frais et doux.\u00a0 <strong>Fabriqu\u00e9 au Qu\u00e9bec.<\/strong><\/p>\n<p>V\u00e9g\u00e9talien, naturel. Pas d\u2019huile de palm, v\u00e9g\u00e9talien, z\u00e9ro d\u00e9chet, compostable<\/p>\n<p>&nbsp;<\/p>\n<p><strong>Saviez &#8211; vous ?<\/strong> Le ch\u00e8vrefeuille est reconnue pour son parfum doux et naturel aide a la relaxation. Son absolue naturel aide a r\u00e9duire le stress l&rsquo;anxi\u00e9t\u00e9, cr\u00e9ant une sensation de bien-\u00eatre profond.<\/p>\n<p>ing: persa gratisima oils, cocos nucifera, aqua, olea europaea, burtyrospermum parkii, pigment naturel.<\/p>\n<p>Sans cruaut\u00e9 envers les animaux.<\/p>\n<p>Ne pas aval\u00e9, \u00e9viter tous contacts avec les yeux.<\/p>\n<p>&nbsp;<\/p>\n<p>&nbsp;<\/p>\n<p>&nbsp;<\/p>\n","protected":false},"excerpt":{"rendered":"<p><strong>Pourquoi choisir un savon saponifier ?<\/strong><\/p>\n<p>Notre savon naturel a base d&rsquo;huile essentielle naturel nettoie en profondeur tout en respectant la barri\u00e8re naturelle de la peau.\u00a0 Le savon Ch\u00e8vrefeuille vous offre une exp\u00e9rience sensorielle unique. Le ch\u00e8vrefeuille\u00a0 est reconnu pour son parfum doux et envirant, apaise l&rsquo;esprit et favorise la relaxation. Son absolu naturel aide a r\u00e9duire le stress et l&rsquo;anxi\u00e9t\u00e9, cr\u00e9ant une sensation de bien-\u00eatre profond.<\/p>\n<p>Un savon \u00e9cologique et parfait pour une utilisation quotidienne. Une excellente id\u00e9e cadeau pour celles et ceux qui souhaitent le naturelle tout en respectant la plan\u00e8te.<\/p>\n<p><strong>Note<\/strong>: Ne pas faire usage au visage, Suggestion: Recherchez plut\u00f4t\u00a0 <strong>Pur le Gel nettoyant de la gamme inox<\/strong>, un gel frais doux, moussant a base d&rsquo;ingr\u00e9dients antibact\u00e9rien. Ultra- doux, il nettoie la peau du visage tout en douceur. Ce nettoyant quotidien du visage respecte le PH physiologique de la peau.<\/p>\n","protected":false},"featured_media":716,"comment_status":"open","ping_status":"closed","template":"","meta":[],"product_brand":[],"product_cat":[49],"product_tag":[],"giftcard-category":[],"class_list":{"0":"post-597","1":"product","2":"type-product","3":"status-publish","4":"has-post-thumbnail","6":"product_cat-pour-hommes","8":"first","9":"instock","10":"taxable","11":"shipping-taxable","12":"purchasable","13":"product-type-simple"},"yoast_head":"<!-- This site is optimized with the Yoast SEO plugin v27.1.1 - https:\/\/yoast.com\/product\/yoast-seo-wordpress\/ -->\n<title>Savon Artisanal \u00c9co- responsable Biod\u00e9gradable | INOX<\/title>\n<meta name=\"description\" content=\"Prenez soin de votre peau, 100% naturel un savon doux au ch\u00e8vrefeuille reconnu pour sa fra\u00eecheur. Le luxe rencontre la science, un cadeau appr\u00e9ci\u00e9.\" \/>\n<meta name=\"robots\" content=\"index, follow, max-snippet:-1, max-image-preview:large, max-video-preview:-1\" \/>\n<link rel=\"canonical\" href=\"https:\/\/inoxcosmetics.com\/fr\/produit\/savon-naturel\/\" \/>\n<meta property=\"og:locale\" content=\"fr_FR\" \/>\n<meta property=\"og:type\" content=\"article\" \/>\n<meta property=\"og:title\" content=\"Savon Artisanal \u00c9co- responsable Biod\u00e9gradable | INOX\" \/>\n<meta property=\"og:description\" content=\"Prenez soin de votre peau, 100% naturel un savon doux au ch\u00e8vrefeuille reconnu pour sa fra\u00eecheur. Le luxe rencontre la science, un cadeau appr\u00e9ci\u00e9.\" \/>\n<meta property=\"og:url\" content=\"https:\/\/inoxcosmetics.com\/fr\/produit\/savon-naturel\/\" \/>\n<meta property=\"og:site_name\" content=\"INOX\" \/>\n<meta property=\"article:modified_time\" content=\"2025-06-30T05:33:42+00:00\" \/>\n<meta property=\"og:image\" content=\"https:\/\/inoxcosmetics.com\/wp-content\/uploads\/2024\/12\/savon-chevrefeuille.jpg\" \/>\n\t<meta property=\"og:image:width\" content=\"666\" \/>\n\t<meta property=\"og:image:height\" content=\"689\" \/>\n\t<meta property=\"og:image:type\" content=\"image\/jpeg\" \/>\n<meta name=\"twitter:card\" content=\"summary_large_image\" \/>\n<meta name=\"twitter:label1\" content=\"Dur\u00e9e de lecture estim\u00e9e\" \/>\n\t<meta name=\"twitter:data1\" content=\"1 minute\" \/>\n<script type=\"application\/ld+json\" class=\"yoast-schema-graph\">{\"@context\":\"https:\/\/schema.org\",\"@graph\":[{\"@type\":\"WebPage\",\"@id\":\"https:\/\/inoxcosmetics.com\/fr\/produit\/savon-naturel\/\",\"url\":\"https:\/\/inoxcosmetics.com\/fr\/produit\/savon-naturel\/\",\"name\":\"Savon Artisanal \u00c9co- responsable Biod\u00e9gradable | INOX\",\"isPartOf\":{\"@id\":\"https:\/\/inoxcosmetics.com\/#website\"},\"primaryImageOfPage\":{\"@id\":\"https:\/\/inoxcosmetics.com\/fr\/produit\/savon-naturel\/#primaryimage\"},\"image\":{\"@id\":\"https:\/\/inoxcosmetics.com\/fr\/produit\/savon-naturel\/#primaryimage\"},\"thumbnailUrl\":\"https:\/\/inoxcosmetics.com\/wp-content\/uploads\/2024\/12\/savon-chevrefeuille.jpg\",\"datePublished\":\"2024-12-05T06:18:09+00:00\",\"dateModified\":\"2025-06-30T05:33:42+00:00\",\"description\":\"Prenez soin de votre peau, 100% naturel un savon doux au ch\u00e8vrefeuille reconnu pour sa fra\u00eecheur. Le luxe rencontre la science, un cadeau appr\u00e9ci\u00e9.\",\"breadcrumb\":{\"@id\":\"https:\/\/inoxcosmetics.com\/fr\/produit\/savon-naturel\/#breadcrumb\"},\"inLanguage\":\"fr-FR\",\"potentialAction\":[{\"@type\":\"ReadAction\",\"target\":[\"https:\/\/inoxcosmetics.com\/fr\/produit\/savon-naturel\/\"]}]},{\"@type\":\"ImageObject\",\"inLanguage\":\"fr-FR\",\"@id\":\"https:\/\/inoxcosmetics.com\/fr\/produit\/savon-naturel\/#primaryimage\",\"url\":\"https:\/\/inoxcosmetics.com\/wp-content\/uploads\/2024\/12\/savon-chevrefeuille.jpg\",\"contentUrl\":\"https:\/\/inoxcosmetics.com\/wp-content\/uploads\/2024\/12\/savon-chevrefeuille.jpg\",\"width\":666,\"height\":689},{\"@type\":\"BreadcrumbList\",\"@id\":\"https:\/\/inoxcosmetics.com\/fr\/produit\/savon-naturel\/#breadcrumb\",\"itemListElement\":[{\"@type\":\"ListItem\",\"position\":1,\"name\":\"Home\",\"item\":\"https:\/\/inoxcosmetics.com\/fr\/\"},{\"@type\":\"ListItem\",\"position\":2,\"name\":\"Boutique\",\"item\":\"https:\/\/inoxcosmetics.com\/fr\/boutique\/\"},{\"@type\":\"ListItem\",\"position\":3,\"name\":\"Savon Artisanal \u00c9co- responsable Biod\u00e9gradable\"}]},{\"@type\":\"WebSite\",\"@id\":\"https:\/\/inoxcosmetics.com\/#website\",\"url\":\"https:\/\/inoxcosmetics.com\/\",\"name\":\"INOX\",\"description\":\"Innovation, Natural, Oxygen, Xfactor.\",\"publisher\":{\"@id\":\"https:\/\/inoxcosmetics.com\/#organization\"},\"alternateName\":\"INOX Cosmetics\",\"potentialAction\":[{\"@type\":\"SearchAction\",\"target\":{\"@type\":\"EntryPoint\",\"urlTemplate\":\"https:\/\/inoxcosmetics.com\/?s={search_term_string}\"},\"query-input\":{\"@type\":\"PropertyValueSpecification\",\"valueRequired\":true,\"valueName\":\"search_term_string\"}}],\"inLanguage\":\"fr-FR\"},{\"@type\":\"Organization\",\"@id\":\"https:\/\/inoxcosmetics.com\/#organization\",\"name\":\"INOX\",\"alternateName\":\"INOX Cosmetics\",\"url\":\"https:\/\/inoxcosmetics.com\/\",\"logo\":{\"@type\":\"ImageObject\",\"inLanguage\":\"fr-FR\",\"@id\":\"https:\/\/inoxcosmetics.com\/#\/schema\/logo\/image\/\",\"url\":\"https:\/\/inoxcosmetics.com\/wp-content\/uploads\/2022\/09\/logo.png\",\"contentUrl\":\"https:\/\/inoxcosmetics.com\/wp-content\/uploads\/2022\/09\/logo.png\",\"width\":245,\"height\":84,\"caption\":\"INOX\"},\"image\":{\"@id\":\"https:\/\/inoxcosmetics.com\/#\/schema\/logo\/image\/\"}}]}<\/script>\n<!-- \/ Yoast SEO plugin. -->","yoast_head_json":{"title":"Savon Artisanal \u00c9co- responsable Biod\u00e9gradable | INOX","description":"Prenez soin de votre peau, 100% naturel un savon doux au ch\u00e8vrefeuille reconnu pour sa fra\u00eecheur. Le luxe rencontre la science, un cadeau appr\u00e9ci\u00e9.","robots":{"index":"index","follow":"follow","max-snippet":"max-snippet:-1","max-image-preview":"max-image-preview:large","max-video-preview":"max-video-preview:-1"},"canonical":"https:\/\/inoxcosmetics.com\/fr\/produit\/savon-naturel\/","og_locale":"fr_FR","og_type":"article","og_title":"Savon Artisanal \u00c9co- responsable Biod\u00e9gradable | INOX","og_description":"Prenez soin de votre peau, 100% naturel un savon doux au ch\u00e8vrefeuille reconnu pour sa fra\u00eecheur. Le luxe rencontre la science, un cadeau appr\u00e9ci\u00e9.","og_url":"https:\/\/inoxcosmetics.com\/fr\/produit\/savon-naturel\/","og_site_name":"INOX","article_modified_time":"2025-06-30T05:33:42+00:00","og_image":[{"width":666,"height":689,"url":"https:\/\/inoxcosmetics.com\/wp-content\/uploads\/2024\/12\/savon-chevrefeuille.jpg","type":"image\/jpeg"}],"twitter_card":"summary_large_image","twitter_misc":{"Dur\u00e9e de lecture estim\u00e9e":"1 minute"},"schema":{"@context":"https:\/\/schema.org","@graph":[{"@type":"WebPage","@id":"https:\/\/inoxcosmetics.com\/fr\/produit\/savon-naturel\/","url":"https:\/\/inoxcosmetics.com\/fr\/produit\/savon-naturel\/","name":"Savon Artisanal \u00c9co- responsable Biod\u00e9gradable | INOX","isPartOf":{"@id":"https:\/\/inoxcosmetics.com\/#website"},"primaryImageOfPage":{"@id":"https:\/\/inoxcosmetics.com\/fr\/produit\/savon-naturel\/#primaryimage"},"image":{"@id":"https:\/\/inoxcosmetics.com\/fr\/produit\/savon-naturel\/#primaryimage"},"thumbnailUrl":"https:\/\/inoxcosmetics.com\/wp-content\/uploads\/2024\/12\/savon-chevrefeuille.jpg","datePublished":"2024-12-05T06:18:09+00:00","dateModified":"2025-06-30T05:33:42+00:00","description":"Prenez soin de votre peau, 100% naturel un savon doux au ch\u00e8vrefeuille reconnu pour sa fra\u00eecheur. Le luxe rencontre la science, un cadeau appr\u00e9ci\u00e9.","breadcrumb":{"@id":"https:\/\/inoxcosmetics.com\/fr\/produit\/savon-naturel\/#breadcrumb"},"inLanguage":"fr-FR","potentialAction":[{"@type":"ReadAction","target":["https:\/\/inoxcosmetics.com\/fr\/produit\/savon-naturel\/"]}]},{"@type":"ImageObject","inLanguage":"fr-FR","@id":"https:\/\/inoxcosmetics.com\/fr\/produit\/savon-naturel\/#primaryimage","url":"https:\/\/inoxcosmetics.com\/wp-content\/uploads\/2024\/12\/savon-chevrefeuille.jpg","contentUrl":"https:\/\/inoxcosmetics.com\/wp-content\/uploads\/2024\/12\/savon-chevrefeuille.jpg","width":666,"height":689},{"@type":"BreadcrumbList","@id":"https:\/\/inoxcosmetics.com\/fr\/produit\/savon-naturel\/#breadcrumb","itemListElement":[{"@type":"ListItem","position":1,"name":"Home","item":"https:\/\/inoxcosmetics.com\/fr\/"},{"@type":"ListItem","position":2,"name":"Boutique","item":"https:\/\/inoxcosmetics.com\/fr\/boutique\/"},{"@type":"ListItem","position":3,"name":"Savon Artisanal \u00c9co- responsable Biod\u00e9gradable"}]},{"@type":"WebSite","@id":"https:\/\/inoxcosmetics.com\/#website","url":"https:\/\/inoxcosmetics.com\/","name":"INOX","description":"Innovation, Natural, Oxygen, Xfactor.","publisher":{"@id":"https:\/\/inoxcosmetics.com\/#organization"},"alternateName":"INOX Cosmetics","potentialAction":[{"@type":"SearchAction","target":{"@type":"EntryPoint","urlTemplate":"https:\/\/inoxcosmetics.com\/?s={search_term_string}"},"query-input":{"@type":"PropertyValueSpecification","valueRequired":true,"valueName":"search_term_string"}}],"inLanguage":"fr-FR"},{"@type":"Organization","@id":"https:\/\/inoxcosmetics.com\/#organization","name":"INOX","alternateName":"INOX Cosmetics","url":"https:\/\/inoxcosmetics.com\/","logo":{"@type":"ImageObject","inLanguage":"fr-FR","@id":"https:\/\/inoxcosmetics.com\/#\/schema\/logo\/image\/","url":"https:\/\/inoxcosmetics.com\/wp-content\/uploads\/2022\/09\/logo.png","contentUrl":"https:\/\/inoxcosmetics.com\/wp-content\/uploads\/2022\/09\/logo.png","width":245,"height":84,"caption":"INOX"},"image":{"@id":"https:\/\/inoxcosmetics.com\/#\/schema\/logo\/image\/"}}]}},"_links":{"self":[{"href":"https:\/\/inoxcosmetics.com\/fr\/wp-json\/wp\/v2\/product\/597","targetHints":{"allow":["GET"]}}],"collection":[{"href":"https:\/\/inoxcosmetics.com\/fr\/wp-json\/wp\/v2\/product"}],"about":[{"href":"https:\/\/inoxcosmetics.com\/fr\/wp-json\/wp\/v2\/types\/product"}],"replies":[{"embeddable":true,"href":"https:\/\/inoxcosmetics.com\/fr\/wp-json\/wp\/v2\/comments?post=597"}],"wp:featuredmedia":[{"embeddable":true,"href":"https:\/\/inoxcosmetics.com\/fr\/wp-json\/wp\/v2\/media\/716"}],"wp:attachment":[{"href":"https:\/\/inoxcosmetics.com\/fr\/wp-json\/wp\/v2\/media?parent=597"}],"wp:term":[{"taxonomy":"product_brand","embeddable":true,"href":"https:\/\/inoxcosmetics.com\/fr\/wp-json\/wp\/v2\/product_brand?post=597"},{"taxonomy":"product_cat","embeddable":true,"href":"https:\/\/inoxcosmetics.com\/fr\/wp-json\/wp\/v2\/product_cat?post=597"},{"taxonomy":"product_tag","embeddable":true,"href":"https:\/\/inoxcosmetics.com\/fr\/wp-json\/wp\/v2\/product_tag?post=597"},{"taxonomy":"giftcard-category","embeddable":true,"href":"https:\/\/inoxcosmetics.com\/fr\/wp-json\/wp\/v2\/giftcard-category?post=597"}],"curies":[{"name":"wp","href":"https:\/\/api.w.org\/{rel}","templated":true}]}}