{"id":426,"date":"2023-06-19T09:11:47","date_gmt":"2023-06-19T13:11:47","guid":{"rendered":"https:\/\/inoxcosmetics.com\/product\/xtrem-lift-kit\/"},"modified":"2025-12-29T09:57:07","modified_gmt":"2025-12-29T14:57:07","slug":"collection","status":"publish","type":"product","link":"https:\/\/inoxcosmetics.com\/fr\/produit\/collection\/","title":{"rendered":"Collection Pack Essentiel &#8211; En rupture d&rsquo;inventaire-"},"content":{"rendered":"<p>Pack Essentiel, Gel nettoyant PUR extr\u00eamement doux, nettoie en douceur la peau sans la dess\u00e9cher. Un parfum frais et aromatique, mandarine et citron vert \u00e9veillent vos sens ! Laissez-vous enchanter par ses ar\u00f4mes. Nettoie en douceur la peau. Formul\u00e9 avec des pr\u00e9biotiques, du zinc et du PCA pour purifier et rafra\u00eechir. Excellent pour les peaux sensibles. Profitez de l\u2019hydratant\u00a0 HA-24 + acide hyaluronique et vitamine E aident a renforcir la barri\u00e8re cutan\u00e9e. Soutient l\u2019\u00e9lasticit\u00e9 de la peau et r\u00e9duit l\u2019apparence des rides et ridules tout en am\u00e9liorant les apparences de la peau.<\/p>\n<p>Profitez du savon saponifier a froid brise c\u00e8dre bleu a base d&rsquo;huile d&rsquo;olive, beurre de karit\u00e9, huile d&rsquo;avocat\u00a0 et huile de noix de coco. Sans huile de palm, sans cruaut\u00e9. Fabriqu\u00e9 au Qu\u00e9bec<\/p>\n<p>&nbsp;<\/p>\n","protected":false},"excerpt":{"rendered":"<h4>Id\u00e9e cadeau l&rsquo;essentiel pour la peau. \u00c9liminez les impuret\u00e9s, hydratez la peau est un must\u00a0 ! Coffret essentiel, un soin de la peau avanc\u00e9 comprend un nettoyant gel doux pour le visage, et la cr\u00e8me hydratante HA-24\u00a0 double acide hyaluronique pour une peau hydrat\u00e9 24h\/7, un savon\u00a0 saponifier a froid sans huile de palme, v\u00e9gan a base d&rsquo;huile d&rsquo;olive, huile d&rsquo;avocat et huile de coco enrichie de beurre de karit\u00e9.<\/h4>\n","protected":false},"featured_media":618,"comment_status":"open","ping_status":"closed","template":"","meta":[],"product_brand":[],"product_cat":[49],"product_tag":[],"giftcard-category":[],"class_list":{"0":"post-426","1":"product","2":"type-product","3":"status-publish","4":"has-post-thumbnail","6":"product_cat-pour-hommes","8":"first","9":"instock","10":"featured","11":"taxable","12":"shipping-taxable","13":"purchasable","14":"product-type-simple"},"yoast_head":"<!-- This site is optimized with the Yoast SEO plugin v27.1.1 - https:\/\/yoast.com\/product\/yoast-seo-wordpress\/ -->\n<title>Collection Pack Essentiel - En rupture d&#039;inventaire- | INOX<\/title>\n<meta name=\"description\" content=\"Coffret cadeau soin de la peau comprend un nettoyant gel doux pour le visage, et la cr\u00e8me hydratante, un savon saponifier a froid\" \/>\n<meta name=\"robots\" content=\"index, follow, max-snippet:-1, max-image-preview:large, max-video-preview:-1\" \/>\n<link rel=\"canonical\" href=\"https:\/\/inoxcosmetics.com\/fr\/produit\/collection\/\" \/>\n<meta property=\"og:locale\" content=\"fr_FR\" \/>\n<meta property=\"og:type\" content=\"article\" \/>\n<meta property=\"og:title\" content=\"Collection Pack Essentiel - En rupture d&#039;inventaire- | INOX\" \/>\n<meta property=\"og:description\" content=\"Coffret cadeau soin de la peau comprend un nettoyant gel doux pour le visage, et la cr\u00e8me hydratante, un savon saponifier a froid\" \/>\n<meta property=\"og:url\" content=\"https:\/\/inoxcosmetics.com\/fr\/produit\/collection\/\" \/>\n<meta property=\"og:site_name\" content=\"INOX\" \/>\n<meta property=\"article:modified_time\" content=\"2025-12-29T14:57:07+00:00\" \/>\n<meta property=\"og:image\" content=\"https:\/\/inoxcosmetics.com\/wp-content\/uploads\/2023\/06\/coffret-gel-Ha-et-savon-20250203_183707.jpg\" \/>\n\t<meta property=\"og:image:width\" content=\"1729\" \/>\n\t<meta property=\"og:image:height\" content=\"1967\" \/>\n\t<meta property=\"og:image:type\" content=\"image\/jpeg\" \/>\n<meta name=\"twitter:card\" content=\"summary_large_image\" \/>\n<meta name=\"twitter:label1\" content=\"Dur\u00e9e de lecture estim\u00e9e\" \/>\n\t<meta name=\"twitter:data1\" content=\"1 minute\" \/>\n<script type=\"application\/ld+json\" class=\"yoast-schema-graph\">{\"@context\":\"https:\/\/schema.org\",\"@graph\":[{\"@type\":\"WebPage\",\"@id\":\"https:\/\/inoxcosmetics.com\/fr\/produit\/collection\/\",\"url\":\"https:\/\/inoxcosmetics.com\/fr\/produit\/collection\/\",\"name\":\"Collection Pack Essentiel - En rupture d'inventaire- | INOX\",\"isPartOf\":{\"@id\":\"https:\/\/inoxcosmetics.com\/#website\"},\"primaryImageOfPage\":{\"@id\":\"https:\/\/inoxcosmetics.com\/fr\/produit\/collection\/#primaryimage\"},\"image\":{\"@id\":\"https:\/\/inoxcosmetics.com\/fr\/produit\/collection\/#primaryimage\"},\"thumbnailUrl\":\"https:\/\/inoxcosmetics.com\/wp-content\/uploads\/2023\/06\/coffret-gel-Ha-et-savon-20250203_183707.jpg\",\"datePublished\":\"2023-06-19T13:11:47+00:00\",\"dateModified\":\"2025-12-29T14:57:07+00:00\",\"description\":\"Coffret cadeau soin de la peau comprend un nettoyant gel doux pour le visage, et la cr\u00e8me hydratante, un savon saponifier a froid\",\"breadcrumb\":{\"@id\":\"https:\/\/inoxcosmetics.com\/fr\/produit\/collection\/#breadcrumb\"},\"inLanguage\":\"fr-FR\",\"potentialAction\":[{\"@type\":\"ReadAction\",\"target\":[\"https:\/\/inoxcosmetics.com\/fr\/produit\/collection\/\"]}]},{\"@type\":\"ImageObject\",\"inLanguage\":\"fr-FR\",\"@id\":\"https:\/\/inoxcosmetics.com\/fr\/produit\/collection\/#primaryimage\",\"url\":\"https:\/\/inoxcosmetics.com\/wp-content\/uploads\/2023\/06\/coffret-gel-Ha-et-savon-20250203_183707.jpg\",\"contentUrl\":\"https:\/\/inoxcosmetics.com\/wp-content\/uploads\/2023\/06\/coffret-gel-Ha-et-savon-20250203_183707.jpg\",\"width\":1729,\"height\":1967},{\"@type\":\"BreadcrumbList\",\"@id\":\"https:\/\/inoxcosmetics.com\/fr\/produit\/collection\/#breadcrumb\",\"itemListElement\":[{\"@type\":\"ListItem\",\"position\":1,\"name\":\"Home\",\"item\":\"https:\/\/inoxcosmetics.com\/fr\/\"},{\"@type\":\"ListItem\",\"position\":2,\"name\":\"Boutique\",\"item\":\"https:\/\/inoxcosmetics.com\/fr\/boutique\/\"},{\"@type\":\"ListItem\",\"position\":3,\"name\":\"Collection Pack Essentiel &#8211; En rupture d&#8217;inventaire-\"}]},{\"@type\":\"WebSite\",\"@id\":\"https:\/\/inoxcosmetics.com\/#website\",\"url\":\"https:\/\/inoxcosmetics.com\/\",\"name\":\"INOX\",\"description\":\"Innovation, Natural, Oxygen, Xfactor.\",\"publisher\":{\"@id\":\"https:\/\/inoxcosmetics.com\/#organization\"},\"alternateName\":\"INOX Cosmetics\",\"potentialAction\":[{\"@type\":\"SearchAction\",\"target\":{\"@type\":\"EntryPoint\",\"urlTemplate\":\"https:\/\/inoxcosmetics.com\/?s={search_term_string}\"},\"query-input\":{\"@type\":\"PropertyValueSpecification\",\"valueRequired\":true,\"valueName\":\"search_term_string\"}}],\"inLanguage\":\"fr-FR\"},{\"@type\":\"Organization\",\"@id\":\"https:\/\/inoxcosmetics.com\/#organization\",\"name\":\"INOX\",\"alternateName\":\"INOX Cosmetics\",\"url\":\"https:\/\/inoxcosmetics.com\/\",\"logo\":{\"@type\":\"ImageObject\",\"inLanguage\":\"fr-FR\",\"@id\":\"https:\/\/inoxcosmetics.com\/#\/schema\/logo\/image\/\",\"url\":\"https:\/\/inoxcosmetics.com\/wp-content\/uploads\/2022\/09\/logo.png\",\"contentUrl\":\"https:\/\/inoxcosmetics.com\/wp-content\/uploads\/2022\/09\/logo.png\",\"width\":245,\"height\":84,\"caption\":\"INOX\"},\"image\":{\"@id\":\"https:\/\/inoxcosmetics.com\/#\/schema\/logo\/image\/\"}}]}<\/script>\n<!-- \/ Yoast SEO plugin. -->","yoast_head_json":{"title":"Collection Pack Essentiel - En rupture d'inventaire- | INOX","description":"Coffret cadeau soin de la peau comprend un nettoyant gel doux pour le visage, et la cr\u00e8me hydratante, un savon saponifier a froid","robots":{"index":"index","follow":"follow","max-snippet":"max-snippet:-1","max-image-preview":"max-image-preview:large","max-video-preview":"max-video-preview:-1"},"canonical":"https:\/\/inoxcosmetics.com\/fr\/produit\/collection\/","og_locale":"fr_FR","og_type":"article","og_title":"Collection Pack Essentiel - En rupture d'inventaire- | INOX","og_description":"Coffret cadeau soin de la peau comprend un nettoyant gel doux pour le visage, et la cr\u00e8me hydratante, un savon saponifier a froid","og_url":"https:\/\/inoxcosmetics.com\/fr\/produit\/collection\/","og_site_name":"INOX","article_modified_time":"2025-12-29T14:57:07+00:00","og_image":[{"width":1729,"height":1967,"url":"https:\/\/inoxcosmetics.com\/wp-content\/uploads\/2023\/06\/coffret-gel-Ha-et-savon-20250203_183707.jpg","type":"image\/jpeg"}],"twitter_card":"summary_large_image","twitter_misc":{"Dur\u00e9e de lecture estim\u00e9e":"1 minute"},"schema":{"@context":"https:\/\/schema.org","@graph":[{"@type":"WebPage","@id":"https:\/\/inoxcosmetics.com\/fr\/produit\/collection\/","url":"https:\/\/inoxcosmetics.com\/fr\/produit\/collection\/","name":"Collection Pack Essentiel - En rupture d'inventaire- | INOX","isPartOf":{"@id":"https:\/\/inoxcosmetics.com\/#website"},"primaryImageOfPage":{"@id":"https:\/\/inoxcosmetics.com\/fr\/produit\/collection\/#primaryimage"},"image":{"@id":"https:\/\/inoxcosmetics.com\/fr\/produit\/collection\/#primaryimage"},"thumbnailUrl":"https:\/\/inoxcosmetics.com\/wp-content\/uploads\/2023\/06\/coffret-gel-Ha-et-savon-20250203_183707.jpg","datePublished":"2023-06-19T13:11:47+00:00","dateModified":"2025-12-29T14:57:07+00:00","description":"Coffret cadeau soin de la peau comprend un nettoyant gel doux pour le visage, et la cr\u00e8me hydratante, un savon saponifier a froid","breadcrumb":{"@id":"https:\/\/inoxcosmetics.com\/fr\/produit\/collection\/#breadcrumb"},"inLanguage":"fr-FR","potentialAction":[{"@type":"ReadAction","target":["https:\/\/inoxcosmetics.com\/fr\/produit\/collection\/"]}]},{"@type":"ImageObject","inLanguage":"fr-FR","@id":"https:\/\/inoxcosmetics.com\/fr\/produit\/collection\/#primaryimage","url":"https:\/\/inoxcosmetics.com\/wp-content\/uploads\/2023\/06\/coffret-gel-Ha-et-savon-20250203_183707.jpg","contentUrl":"https:\/\/inoxcosmetics.com\/wp-content\/uploads\/2023\/06\/coffret-gel-Ha-et-savon-20250203_183707.jpg","width":1729,"height":1967},{"@type":"BreadcrumbList","@id":"https:\/\/inoxcosmetics.com\/fr\/produit\/collection\/#breadcrumb","itemListElement":[{"@type":"ListItem","position":1,"name":"Home","item":"https:\/\/inoxcosmetics.com\/fr\/"},{"@type":"ListItem","position":2,"name":"Boutique","item":"https:\/\/inoxcosmetics.com\/fr\/boutique\/"},{"@type":"ListItem","position":3,"name":"Collection Pack Essentiel &#8211; En rupture d&#8217;inventaire-"}]},{"@type":"WebSite","@id":"https:\/\/inoxcosmetics.com\/#website","url":"https:\/\/inoxcosmetics.com\/","name":"INOX","description":"Innovation, Natural, Oxygen, Xfactor.","publisher":{"@id":"https:\/\/inoxcosmetics.com\/#organization"},"alternateName":"INOX Cosmetics","potentialAction":[{"@type":"SearchAction","target":{"@type":"EntryPoint","urlTemplate":"https:\/\/inoxcosmetics.com\/?s={search_term_string}"},"query-input":{"@type":"PropertyValueSpecification","valueRequired":true,"valueName":"search_term_string"}}],"inLanguage":"fr-FR"},{"@type":"Organization","@id":"https:\/\/inoxcosmetics.com\/#organization","name":"INOX","alternateName":"INOX Cosmetics","url":"https:\/\/inoxcosmetics.com\/","logo":{"@type":"ImageObject","inLanguage":"fr-FR","@id":"https:\/\/inoxcosmetics.com\/#\/schema\/logo\/image\/","url":"https:\/\/inoxcosmetics.com\/wp-content\/uploads\/2022\/09\/logo.png","contentUrl":"https:\/\/inoxcosmetics.com\/wp-content\/uploads\/2022\/09\/logo.png","width":245,"height":84,"caption":"INOX"},"image":{"@id":"https:\/\/inoxcosmetics.com\/#\/schema\/logo\/image\/"}}]}},"_links":{"self":[{"href":"https:\/\/inoxcosmetics.com\/fr\/wp-json\/wp\/v2\/product\/426","targetHints":{"allow":["GET"]}}],"collection":[{"href":"https:\/\/inoxcosmetics.com\/fr\/wp-json\/wp\/v2\/product"}],"about":[{"href":"https:\/\/inoxcosmetics.com\/fr\/wp-json\/wp\/v2\/types\/product"}],"replies":[{"embeddable":true,"href":"https:\/\/inoxcosmetics.com\/fr\/wp-json\/wp\/v2\/comments?post=426"}],"wp:featuredmedia":[{"embeddable":true,"href":"https:\/\/inoxcosmetics.com\/fr\/wp-json\/wp\/v2\/media\/618"}],"wp:attachment":[{"href":"https:\/\/inoxcosmetics.com\/fr\/wp-json\/wp\/v2\/media?parent=426"}],"wp:term":[{"taxonomy":"product_brand","embeddable":true,"href":"https:\/\/inoxcosmetics.com\/fr\/wp-json\/wp\/v2\/product_brand?post=426"},{"taxonomy":"product_cat","embeddable":true,"href":"https:\/\/inoxcosmetics.com\/fr\/wp-json\/wp\/v2\/product_cat?post=426"},{"taxonomy":"product_tag","embeddable":true,"href":"https:\/\/inoxcosmetics.com\/fr\/wp-json\/wp\/v2\/product_tag?post=426"},{"taxonomy":"giftcard-category","embeddable":true,"href":"https:\/\/inoxcosmetics.com\/fr\/wp-json\/wp\/v2\/giftcard-category?post=426"}],"curies":[{"name":"wp","href":"https:\/\/api.w.org\/{rel}","templated":true}]}}