{"id":319,"date":"2022-09-09T15:31:13","date_gmt":"2022-09-09T19:31:13","guid":{"rendered":"https:\/\/inoxcosmetics.com\/product\/ha-24-moisturizer-cream\/"},"modified":"2025-12-29T09:50:28","modified_gmt":"2025-12-29T14:50:28","slug":"creme-hydratante-ha","status":"publish","type":"product","link":"https:\/\/inoxcosmetics.com\/fr\/produit\/creme-hydratante-ha\/","title":{"rendered":"Cr\u00e8me Hydratante  HA &#8211; Inventaire en rupture-"},"content":{"rendered":"<p>Favorise l&rsquo;\u00e9lasticit\u00e9 de la peau et aide \u00e0 r\u00e9duire l&rsquo;apparence des rides et ridules tout en sublimant l&rsquo;apparence du visage. L&rsquo;acide hyaluronique capte les mol\u00e9cules d&rsquo;eau, emp\u00eache l&rsquo;eau de s&rsquo;\u00e9vaporer\u00a0 et soutien l&rsquo;\u00e9lasticit\u00e9 de la peau. UN HYDRATANT 24 HEURES SUR 7. La cr\u00e8me hydratante 24-AH s&rsquo;applique par dessus l&rsquo;huile apaisante pour une meilleur adh\u00e9rassions de la cr\u00e8me hydratante 24-HA durant la saison\u00a0 et temp\u00e9r\u00e9.<\/p>\n","protected":false},"excerpt":{"rendered":"<h4>HA+ antioxydant, hydratant<\/h4>\n<p>\u00c0 base d&rsquo;acide hyaluronique, antioxydant, rajeunissant<\/p>\n<p>Contient de l&rsquo;acide hyaluronique\u00a0 qui est connue pour son puissant effet hydratant anti-\u00e2ge et qui contribue \u00e0 r\u00e9g\u00e9n\u00e9rer la barri\u00e8re d&rsquo;hydratation de la peau. La cr\u00e8me hydratante AH-24 garde la peau hydrat\u00e9 toute la journ\u00e9e et la prot\u00e8ge contre les agressions ext\u00e9rieures. De surcro\u00eet, les c\u00e9ramides prot\u00e8gent et adoucissent la peau tout en favorisant son \u00e9lasticit\u00e9. Recommand\u00e9 pour toute peau normal.<\/p>\n<p>Pour la peau plus s\u00e8che ou sensation de tiraillement ajoutez une goutte du s\u00e9rum huile apaisante. Ce s\u00e9rum booster r\u00e9confortant est reconnu Versatile et unique. Pr\u00e9parez votre propre consistance au besoin et des l&rsquo;effets temp\u00e9r\u00e9s int\u00e9rieure ou ext\u00e9rieur.<\/p>\n<p>Cr\u00e8me onctueuse, fine et l\u00e9g\u00e8re | 50 g \/ 1.75 oz.<\/p>\n","protected":false},"featured_media":242,"comment_status":"open","ping_status":"closed","template":"","meta":[],"product_brand":[],"product_cat":[49],"product_tag":[],"giftcard-category":[],"class_list":{"0":"post-319","1":"product","2":"type-product","3":"status-publish","4":"has-post-thumbnail","6":"product_cat-pour-hommes","8":"first","9":"instock","10":"featured","11":"taxable","12":"shipping-taxable","13":"purchasable","14":"product-type-simple"},"yoast_head":"<!-- This site is optimized with the Yoast SEO plugin v27.1.1 - https:\/\/yoast.com\/product\/yoast-seo-wordpress\/ -->\n<title>Cr\u00e8me Hydratante HA - Inventaire en rupture- | INOX<\/title>\n<meta name=\"description\" content=\"L&#039;acide hyaluronique est connu pour son effet anti-\u00e2ge et hydratant. L&#039;acide hyaluronique est essentiel pour la peau et aider \u00e0 garder l&#039;hydatation de la peau, diminue l&#039;apparence des rides et ridules. Un must de tout les jours d&#039;une dur\u00e9e de 24hr d&#039;hydratation.\" \/>\n<meta name=\"robots\" content=\"index, follow, max-snippet:-1, max-image-preview:large, max-video-preview:-1\" \/>\n<link rel=\"canonical\" href=\"https:\/\/inoxcosmetics.com\/fr\/produit\/creme-hydratante-ha\/\" \/>\n<meta property=\"og:locale\" content=\"fr_FR\" \/>\n<meta property=\"og:type\" content=\"article\" \/>\n<meta property=\"og:title\" content=\"Cr\u00e8me Hydratante HA - Inventaire en rupture- | INOX\" \/>\n<meta property=\"og:description\" content=\"L&#039;acide hyaluronique est connu pour son effet anti-\u00e2ge et hydratant. L&#039;acide hyaluronique est essentiel pour la peau et aider \u00e0 garder l&#039;hydatation de la peau, diminue l&#039;apparence des rides et ridules. Un must de tout les jours d&#039;une dur\u00e9e de 24hr d&#039;hydratation.\" \/>\n<meta property=\"og:url\" content=\"https:\/\/inoxcosmetics.com\/fr\/produit\/creme-hydratante-ha\/\" \/>\n<meta property=\"og:site_name\" content=\"INOX\" \/>\n<meta property=\"article:modified_time\" content=\"2025-12-29T14:50:28+00:00\" \/>\n<meta property=\"og:image\" content=\"https:\/\/inoxcosmetics.com\/wp-content\/uploads\/2022\/09\/inox-ha-24-moisturizer.jpg\" \/>\n\t<meta property=\"og:image:width\" content=\"1200\" \/>\n\t<meta property=\"og:image:height\" content=\"1200\" \/>\n\t<meta property=\"og:image:type\" content=\"image\/jpeg\" \/>\n<meta name=\"twitter:card\" content=\"summary_large_image\" \/>\n<meta name=\"twitter:label1\" content=\"Dur\u00e9e de lecture estim\u00e9e\" \/>\n\t<meta name=\"twitter:data1\" content=\"1 minute\" \/>\n<script type=\"application\/ld+json\" class=\"yoast-schema-graph\">{\"@context\":\"https:\/\/schema.org\",\"@graph\":[{\"@type\":\"WebPage\",\"@id\":\"https:\/\/inoxcosmetics.com\/fr\/produit\/creme-hydratante-ha\/\",\"url\":\"https:\/\/inoxcosmetics.com\/fr\/produit\/creme-hydratante-ha\/\",\"name\":\"Cr\u00e8me Hydratante HA - Inventaire en rupture- | INOX\",\"isPartOf\":{\"@id\":\"https:\/\/inoxcosmetics.com\/#website\"},\"primaryImageOfPage\":{\"@id\":\"https:\/\/inoxcosmetics.com\/fr\/produit\/creme-hydratante-ha\/#primaryimage\"},\"image\":{\"@id\":\"https:\/\/inoxcosmetics.com\/fr\/produit\/creme-hydratante-ha\/#primaryimage\"},\"thumbnailUrl\":\"https:\/\/inoxcosmetics.com\/wp-content\/uploads\/2022\/09\/inox-ha-24-moisturizer.jpg\",\"datePublished\":\"2022-09-09T19:31:13+00:00\",\"dateModified\":\"2025-12-29T14:50:28+00:00\",\"description\":\"L'acide hyaluronique est connu pour son effet anti-\u00e2ge et hydratant. L'acide hyaluronique est essentiel pour la peau et aider \u00e0 garder l'hydatation de la peau, diminue l'apparence des rides et ridules. Un must de tout les jours d'une dur\u00e9e de 24hr d'hydratation.\",\"breadcrumb\":{\"@id\":\"https:\/\/inoxcosmetics.com\/fr\/produit\/creme-hydratante-ha\/#breadcrumb\"},\"inLanguage\":\"fr-FR\",\"potentialAction\":[{\"@type\":\"ReadAction\",\"target\":[\"https:\/\/inoxcosmetics.com\/fr\/produit\/creme-hydratante-ha\/\"]}]},{\"@type\":\"ImageObject\",\"inLanguage\":\"fr-FR\",\"@id\":\"https:\/\/inoxcosmetics.com\/fr\/produit\/creme-hydratante-ha\/#primaryimage\",\"url\":\"https:\/\/inoxcosmetics.com\/wp-content\/uploads\/2022\/09\/inox-ha-24-moisturizer.jpg\",\"contentUrl\":\"https:\/\/inoxcosmetics.com\/wp-content\/uploads\/2022\/09\/inox-ha-24-moisturizer.jpg\",\"width\":1200,\"height\":1200,\"caption\":\"INOX HA-24 Cr\u00e8me Hydratante\"},{\"@type\":\"BreadcrumbList\",\"@id\":\"https:\/\/inoxcosmetics.com\/fr\/produit\/creme-hydratante-ha\/#breadcrumb\",\"itemListElement\":[{\"@type\":\"ListItem\",\"position\":1,\"name\":\"Home\",\"item\":\"https:\/\/inoxcosmetics.com\/fr\/\"},{\"@type\":\"ListItem\",\"position\":2,\"name\":\"Boutique\",\"item\":\"https:\/\/inoxcosmetics.com\/fr\/boutique\/\"},{\"@type\":\"ListItem\",\"position\":3,\"name\":\"Cr\u00e8me Hydratante HA &#8211; Inventaire en rupture-\"}]},{\"@type\":\"WebSite\",\"@id\":\"https:\/\/inoxcosmetics.com\/#website\",\"url\":\"https:\/\/inoxcosmetics.com\/\",\"name\":\"INOX\",\"description\":\"Innovation, Natural, Oxygen, Xfactor.\",\"publisher\":{\"@id\":\"https:\/\/inoxcosmetics.com\/#organization\"},\"alternateName\":\"INOX Cosmetics\",\"potentialAction\":[{\"@type\":\"SearchAction\",\"target\":{\"@type\":\"EntryPoint\",\"urlTemplate\":\"https:\/\/inoxcosmetics.com\/?s={search_term_string}\"},\"query-input\":{\"@type\":\"PropertyValueSpecification\",\"valueRequired\":true,\"valueName\":\"search_term_string\"}}],\"inLanguage\":\"fr-FR\"},{\"@type\":\"Organization\",\"@id\":\"https:\/\/inoxcosmetics.com\/#organization\",\"name\":\"INOX\",\"alternateName\":\"INOX Cosmetics\",\"url\":\"https:\/\/inoxcosmetics.com\/\",\"logo\":{\"@type\":\"ImageObject\",\"inLanguage\":\"fr-FR\",\"@id\":\"https:\/\/inoxcosmetics.com\/#\/schema\/logo\/image\/\",\"url\":\"https:\/\/inoxcosmetics.com\/wp-content\/uploads\/2022\/09\/logo.png\",\"contentUrl\":\"https:\/\/inoxcosmetics.com\/wp-content\/uploads\/2022\/09\/logo.png\",\"width\":245,\"height\":84,\"caption\":\"INOX\"},\"image\":{\"@id\":\"https:\/\/inoxcosmetics.com\/#\/schema\/logo\/image\/\"}}]}<\/script>\n<!-- \/ Yoast SEO plugin. -->","yoast_head_json":{"title":"Cr\u00e8me Hydratante HA - Inventaire en rupture- | INOX","description":"L'acide hyaluronique est connu pour son effet anti-\u00e2ge et hydratant. L'acide hyaluronique est essentiel pour la peau et aider \u00e0 garder l'hydatation de la peau, diminue l'apparence des rides et ridules. Un must de tout les jours d'une dur\u00e9e de 24hr d'hydratation.","robots":{"index":"index","follow":"follow","max-snippet":"max-snippet:-1","max-image-preview":"max-image-preview:large","max-video-preview":"max-video-preview:-1"},"canonical":"https:\/\/inoxcosmetics.com\/fr\/produit\/creme-hydratante-ha\/","og_locale":"fr_FR","og_type":"article","og_title":"Cr\u00e8me Hydratante HA - Inventaire en rupture- | INOX","og_description":"L'acide hyaluronique est connu pour son effet anti-\u00e2ge et hydratant. L'acide hyaluronique est essentiel pour la peau et aider \u00e0 garder l'hydatation de la peau, diminue l'apparence des rides et ridules. Un must de tout les jours d'une dur\u00e9e de 24hr d'hydratation.","og_url":"https:\/\/inoxcosmetics.com\/fr\/produit\/creme-hydratante-ha\/","og_site_name":"INOX","article_modified_time":"2025-12-29T14:50:28+00:00","og_image":[{"width":1200,"height":1200,"url":"https:\/\/inoxcosmetics.com\/wp-content\/uploads\/2022\/09\/inox-ha-24-moisturizer.jpg","type":"image\/jpeg"}],"twitter_card":"summary_large_image","twitter_misc":{"Dur\u00e9e de lecture estim\u00e9e":"1 minute"},"schema":{"@context":"https:\/\/schema.org","@graph":[{"@type":"WebPage","@id":"https:\/\/inoxcosmetics.com\/fr\/produit\/creme-hydratante-ha\/","url":"https:\/\/inoxcosmetics.com\/fr\/produit\/creme-hydratante-ha\/","name":"Cr\u00e8me Hydratante HA - Inventaire en rupture- | INOX","isPartOf":{"@id":"https:\/\/inoxcosmetics.com\/#website"},"primaryImageOfPage":{"@id":"https:\/\/inoxcosmetics.com\/fr\/produit\/creme-hydratante-ha\/#primaryimage"},"image":{"@id":"https:\/\/inoxcosmetics.com\/fr\/produit\/creme-hydratante-ha\/#primaryimage"},"thumbnailUrl":"https:\/\/inoxcosmetics.com\/wp-content\/uploads\/2022\/09\/inox-ha-24-moisturizer.jpg","datePublished":"2022-09-09T19:31:13+00:00","dateModified":"2025-12-29T14:50:28+00:00","description":"L'acide hyaluronique est connu pour son effet anti-\u00e2ge et hydratant. L'acide hyaluronique est essentiel pour la peau et aider \u00e0 garder l'hydatation de la peau, diminue l'apparence des rides et ridules. Un must de tout les jours d'une dur\u00e9e de 24hr d'hydratation.","breadcrumb":{"@id":"https:\/\/inoxcosmetics.com\/fr\/produit\/creme-hydratante-ha\/#breadcrumb"},"inLanguage":"fr-FR","potentialAction":[{"@type":"ReadAction","target":["https:\/\/inoxcosmetics.com\/fr\/produit\/creme-hydratante-ha\/"]}]},{"@type":"ImageObject","inLanguage":"fr-FR","@id":"https:\/\/inoxcosmetics.com\/fr\/produit\/creme-hydratante-ha\/#primaryimage","url":"https:\/\/inoxcosmetics.com\/wp-content\/uploads\/2022\/09\/inox-ha-24-moisturizer.jpg","contentUrl":"https:\/\/inoxcosmetics.com\/wp-content\/uploads\/2022\/09\/inox-ha-24-moisturizer.jpg","width":1200,"height":1200,"caption":"INOX HA-24 Cr\u00e8me Hydratante"},{"@type":"BreadcrumbList","@id":"https:\/\/inoxcosmetics.com\/fr\/produit\/creme-hydratante-ha\/#breadcrumb","itemListElement":[{"@type":"ListItem","position":1,"name":"Home","item":"https:\/\/inoxcosmetics.com\/fr\/"},{"@type":"ListItem","position":2,"name":"Boutique","item":"https:\/\/inoxcosmetics.com\/fr\/boutique\/"},{"@type":"ListItem","position":3,"name":"Cr\u00e8me Hydratante HA &#8211; Inventaire en rupture-"}]},{"@type":"WebSite","@id":"https:\/\/inoxcosmetics.com\/#website","url":"https:\/\/inoxcosmetics.com\/","name":"INOX","description":"Innovation, Natural, Oxygen, Xfactor.","publisher":{"@id":"https:\/\/inoxcosmetics.com\/#organization"},"alternateName":"INOX Cosmetics","potentialAction":[{"@type":"SearchAction","target":{"@type":"EntryPoint","urlTemplate":"https:\/\/inoxcosmetics.com\/?s={search_term_string}"},"query-input":{"@type":"PropertyValueSpecification","valueRequired":true,"valueName":"search_term_string"}}],"inLanguage":"fr-FR"},{"@type":"Organization","@id":"https:\/\/inoxcosmetics.com\/#organization","name":"INOX","alternateName":"INOX Cosmetics","url":"https:\/\/inoxcosmetics.com\/","logo":{"@type":"ImageObject","inLanguage":"fr-FR","@id":"https:\/\/inoxcosmetics.com\/#\/schema\/logo\/image\/","url":"https:\/\/inoxcosmetics.com\/wp-content\/uploads\/2022\/09\/logo.png","contentUrl":"https:\/\/inoxcosmetics.com\/wp-content\/uploads\/2022\/09\/logo.png","width":245,"height":84,"caption":"INOX"},"image":{"@id":"https:\/\/inoxcosmetics.com\/#\/schema\/logo\/image\/"}}]}},"_links":{"self":[{"href":"https:\/\/inoxcosmetics.com\/fr\/wp-json\/wp\/v2\/product\/319","targetHints":{"allow":["GET"]}}],"collection":[{"href":"https:\/\/inoxcosmetics.com\/fr\/wp-json\/wp\/v2\/product"}],"about":[{"href":"https:\/\/inoxcosmetics.com\/fr\/wp-json\/wp\/v2\/types\/product"}],"replies":[{"embeddable":true,"href":"https:\/\/inoxcosmetics.com\/fr\/wp-json\/wp\/v2\/comments?post=319"}],"wp:featuredmedia":[{"embeddable":true,"href":"https:\/\/inoxcosmetics.com\/fr\/wp-json\/wp\/v2\/media\/242"}],"wp:attachment":[{"href":"https:\/\/inoxcosmetics.com\/fr\/wp-json\/wp\/v2\/media?parent=319"}],"wp:term":[{"taxonomy":"product_brand","embeddable":true,"href":"https:\/\/inoxcosmetics.com\/fr\/wp-json\/wp\/v2\/product_brand?post=319"},{"taxonomy":"product_cat","embeddable":true,"href":"https:\/\/inoxcosmetics.com\/fr\/wp-json\/wp\/v2\/product_cat?post=319"},{"taxonomy":"product_tag","embeddable":true,"href":"https:\/\/inoxcosmetics.com\/fr\/wp-json\/wp\/v2\/product_tag?post=319"},{"taxonomy":"giftcard-category","embeddable":true,"href":"https:\/\/inoxcosmetics.com\/fr\/wp-json\/wp\/v2\/giftcard-category?post=319"}],"curies":[{"name":"wp","href":"https:\/\/api.w.org\/{rel}","templated":true}]}}