{"id":315,"date":"2022-09-09T15:30:27","date_gmt":"2022-09-09T19:30:27","guid":{"rendered":"https:\/\/inoxcosmetics.com\/product\/at-ease-soothing-oil\/"},"modified":"2026-05-11T14:43:57","modified_gmt":"2026-05-11T18:43:57","slug":"ease-huile-apaisante","status":"publish","type":"product","link":"https:\/\/inoxcosmetics.com\/fr\/produit\/ease-huile-apaisante\/","title":{"rendered":"@ease Huile Apaisante   &#8211; En rupture de stock-"},"content":{"rendered":"<p>L&rsquo;huile apaisante @ease Huile est un produit sp\u00e9cialement con\u00e7u pour l&rsquo;homme et la femme pour une normale, peau acn\u00e9 rosac\u00e9, la peau sensible et s\u00e8che.\u00a0 L&rsquo;huile apaisante aide \u00e0 calmer et \u00e0 soulager les rougeurs, les irritations et les sensations d\u2019\u00e9chauffement de la peau. Contient de l\u2019huile essentielle d\u2019arbre \u00e0 th\u00e9. Reconnue pour ses\u00a0 propri\u00e9t\u00e9s nettoyante antimicrobiennes, cette huile contribue \u00e0 \u00e9claircir\u00a0 les peaux grasses et tendance acn\u00e9ique qu&rsquo; \u00e0 r\u00e9duire l\u2019apparence des com\u00e9dons. Une huile qui purifie la peau autant le soir que le jours, elle a des bienfaits hydratant et confort.\u00a0 L&rsquo;huile apaisante aide \u00e0 calmer les sensations d\u2019\u00e9chauffements de la peau et apr\u00e8s rasage ou tout simplement pour purifier la peau la nuit. On l&rsquo;adore. Une huile s\u00e8che l\u00e9g\u00e8re \u00e0 base d&rsquo;arbre \u00e0 th\u00e9 et de lavande aux vertus nettoyantes antimicrobiennes purifie et rafra\u00eechit la peau.<\/p>\n<p>Une huile unique apaisante, ce purifiant Booster a \u00e9t\u00e9 cr\u00e9\u00e9 pour calmer la peau et l\u2019acn\u00e9 rosac\u00e9e, bact\u00e9ries responsables d\u2019infections cutan\u00e9es telles que le Dermadox, le Staphylococus. L\u2019huile apaisante est recommand\u00e9e pour les com\u00e9dons, la peau combin\u00e9e, les peaux grasses et impures, les peaux normales \u00e0 s\u00e8ches. Formul\u00e9 avec un m\u00e9lange d\u2019huiles essentielles et la fleur d&rsquo;arnica Montana, vitamine E aide \u00e0 calmer et nourrir.<\/p>\n<p>Indication : Toujours appliquer 1 goutte de l\u2019huile apaisante avant la cr\u00e8me hydratante HA-24 ou le s\u00e9rum de la gamme Inox<\/p>\n<p><strong>Rituel\u00a0: \u00c9tape 1<\/strong> Gel nettoyant Pur <strong>\u00c9tape\u00a02 <\/strong>1 goutte d\u2019huile apaisante. <strong>\u00c9tape 3 <\/strong>Appliquer en option le s\u00e9rum de votre choix (Vita C, Xtrem)<\/p>\n<p><strong>\u00c9tape 4<\/strong> hydrat\u00e9 et prot\u00e9g\u00e9 avec l&rsquo;hydratant HA-24<\/p>\n<p>Peut-\u00eatre utilis\u00e9e sur toutes les types de peaux: normale ou pr\u00e9dispos\u00e9es \u00e0 de l\u2019acn\u00e9 inflammatoire peut \u00eatre appliqu\u00e9e localement, sur la peau enflamm\u00e9e par le rasage. Possibilit\u00e9 de l\u2019option d\u2019appliquer une goutte d&rsquo; huile apaisante apr\u00e8s\u00a0 avoir bien nettoy\u00e9 avec le Gel nettoyant Pur Suggestion <strong>Rituel en 3 \u00e9tapes<\/strong>:\u00a0 le Matin et le soir prenez l&rsquo;habitue de prendre soin de votre peau: Gel nettoyant Pur, 1 goutte de l&rsquo;huile apaisante, et la cr\u00e8me HA-24<\/p>\n","protected":false},"excerpt":{"rendered":"<h4>Id\u00e9al pour l\u2019acn\u00e9 rosac\u00e9e, peaux grasses, \u00e0 tendance acn\u00e9ique impure et les sensations d&rsquo;\u00e9chauffements de la peau.<\/h4>\n<p>L&rsquo;huile apaisante est un produit id\u00e9al pour l&rsquo;homme. Elle contient &lsquo;extrait de fleurs d&rsquo;Arnica montana qui est un puissant apaisant naturel. Ce puissant concentr\u00e9 d\u2019huiles essentielles d\u2019Arbre \u00e0 th\u00e9 et de lavande aux vertus nettoyantes antimicrobiennes, purifie et rafra\u00eechit la peau. Apaisante, ce concentr\u00e9 parfait calme les rougeurs et les sensations d&rsquo;\u00e9chauffement de la peau apr\u00e8s rasage. Aide les cicatrices d\u2019acn\u00e9.\u00a0 Ce concentr\u00e9 est une huile s\u00e8che l\u00e9g\u00e8re\u00a0 \u00e0 fois hydratante que les hommes ne manquerons pas d&rsquo;appr\u00e9cier.<\/p>\n<p>Huile s\u00e8che | 30 ml \/ 1 US Fl.oz.<\/p>\n","protected":false},"featured_media":247,"comment_status":"open","ping_status":"closed","template":"","meta":[],"product_brand":[],"product_cat":[49],"product_tag":[],"giftcard-category":[],"class_list":{"0":"post-315","1":"product","2":"type-product","3":"status-publish","4":"has-post-thumbnail","6":"product_cat-pour-hommes","8":"first","9":"instock","10":"taxable","11":"shipping-taxable","12":"purchasable","13":"product-type-simple"},"yoast_head":"<!-- This site is optimized with the Yoast SEO plugin v27.1.1 - https:\/\/yoast.com\/product\/yoast-seo-wordpress\/ -->\n<title>@ease Huile Apaisante  - En rupture de stock- | INOX<\/title>\n<meta name=\"description\" content=\"Ce puissant concentr\u00e9 d\u2019huiles essentielles d\u2019Arbre \u00e0 th\u00e9 et de lavande aux vertus nettoyantes antimicrobiennes, purifie et rafra\u00eechit la peau. Apaisante, cette huile calme les rougeurs et les sensations d&#039;\u00e9chauffement de la peau apr\u00e8s rasage \u00abLame de feux \u00bb razor burn. Aide a les cicatrices d\u2019acn\u00e9. Id\u00e9al pour une utilisation quotidienne sur les peaux \u00e0 tendance acn\u00e9ique. Une huile s\u00e8che l\u00e9g\u00e8re bien appr\u00e9cie par les hommes.\" \/>\n<meta name=\"robots\" content=\"index, follow, max-snippet:-1, max-image-preview:large, max-video-preview:-1\" \/>\n<link rel=\"canonical\" href=\"https:\/\/inoxcosmetics.com\/fr\/produit\/ease-huile-apaisante\/\" \/>\n<meta property=\"og:locale\" content=\"fr_FR\" \/>\n<meta property=\"og:type\" content=\"article\" \/>\n<meta property=\"og:title\" content=\"@ease Huile Apaisante  - En rupture de stock- | INOX\" \/>\n<meta property=\"og:description\" content=\"Ce puissant concentr\u00e9 d\u2019huiles essentielles d\u2019Arbre \u00e0 th\u00e9 et de lavande aux vertus nettoyantes antimicrobiennes, purifie et rafra\u00eechit la peau. Apaisante, cette huile calme les rougeurs et les sensations d&#039;\u00e9chauffement de la peau apr\u00e8s rasage \u00abLame de feux \u00bb razor burn. Aide a les cicatrices d\u2019acn\u00e9. Id\u00e9al pour une utilisation quotidienne sur les peaux \u00e0 tendance acn\u00e9ique. Une huile s\u00e8che l\u00e9g\u00e8re bien appr\u00e9cie par les hommes.\" \/>\n<meta property=\"og:url\" content=\"https:\/\/inoxcosmetics.com\/fr\/produit\/ease-huile-apaisante\/\" \/>\n<meta property=\"og:site_name\" content=\"INOX\" \/>\n<meta property=\"article:modified_time\" content=\"2026-05-11T18:43:57+00:00\" \/>\n<meta property=\"og:image\" content=\"https:\/\/inoxcosmetics.com\/wp-content\/uploads\/2022\/09\/inox-@ease-soothing-oil.jpg\" \/>\n\t<meta property=\"og:image:width\" content=\"1200\" \/>\n\t<meta property=\"og:image:height\" content=\"1200\" \/>\n\t<meta property=\"og:image:type\" content=\"image\/jpeg\" \/>\n<meta name=\"twitter:card\" content=\"summary_large_image\" \/>\n<meta name=\"twitter:label1\" content=\"Dur\u00e9e de lecture estim\u00e9e\" \/>\n\t<meta name=\"twitter:data1\" content=\"2 minutes\" \/>\n<script type=\"application\/ld+json\" class=\"yoast-schema-graph\">{\"@context\":\"https:\/\/schema.org\",\"@graph\":[{\"@type\":\"WebPage\",\"@id\":\"https:\/\/inoxcosmetics.com\/fr\/produit\/ease-huile-apaisante\/\",\"url\":\"https:\/\/inoxcosmetics.com\/fr\/produit\/ease-huile-apaisante\/\",\"name\":\"@ease Huile Apaisante - En rupture de stock- | INOX\",\"isPartOf\":{\"@id\":\"https:\/\/inoxcosmetics.com\/#website\"},\"primaryImageOfPage\":{\"@id\":\"https:\/\/inoxcosmetics.com\/fr\/produit\/ease-huile-apaisante\/#primaryimage\"},\"image\":{\"@id\":\"https:\/\/inoxcosmetics.com\/fr\/produit\/ease-huile-apaisante\/#primaryimage\"},\"thumbnailUrl\":\"https:\/\/inoxcosmetics.com\/wp-content\/uploads\/2022\/09\/inox-@ease-soothing-oil.jpg\",\"datePublished\":\"2022-09-09T19:30:27+00:00\",\"dateModified\":\"2026-05-11T18:43:57+00:00\",\"description\":\"Ce puissant concentr\u00e9 d\u2019huiles essentielles d\u2019Arbre \u00e0 th\u00e9 et de lavande aux vertus nettoyantes antimicrobiennes, purifie et rafra\u00eechit la peau. Apaisante, cette huile calme les rougeurs et les sensations d'\u00e9chauffement de la peau apr\u00e8s rasage \u00abLame de feux \u00bb razor burn. Aide a les cicatrices d\u2019acn\u00e9. Id\u00e9al pour une utilisation quotidienne sur les peaux \u00e0 tendance acn\u00e9ique. Une huile s\u00e8che l\u00e9g\u00e8re bien appr\u00e9cie par les hommes.\",\"breadcrumb\":{\"@id\":\"https:\/\/inoxcosmetics.com\/fr\/produit\/ease-huile-apaisante\/#breadcrumb\"},\"inLanguage\":\"fr-FR\",\"potentialAction\":[{\"@type\":\"ReadAction\",\"target\":[\"https:\/\/inoxcosmetics.com\/fr\/produit\/ease-huile-apaisante\/\"]}]},{\"@type\":\"ImageObject\",\"inLanguage\":\"fr-FR\",\"@id\":\"https:\/\/inoxcosmetics.com\/fr\/produit\/ease-huile-apaisante\/#primaryimage\",\"url\":\"https:\/\/inoxcosmetics.com\/wp-content\/uploads\/2022\/09\/inox-@ease-soothing-oil.jpg\",\"contentUrl\":\"https:\/\/inoxcosmetics.com\/wp-content\/uploads\/2022\/09\/inox-@ease-soothing-oil.jpg\",\"width\":1200,\"height\":1200,\"caption\":\"INOX @ease Huile Apaisante\"},{\"@type\":\"BreadcrumbList\",\"@id\":\"https:\/\/inoxcosmetics.com\/fr\/produit\/ease-huile-apaisante\/#breadcrumb\",\"itemListElement\":[{\"@type\":\"ListItem\",\"position\":1,\"name\":\"Home\",\"item\":\"https:\/\/inoxcosmetics.com\/fr\/\"},{\"@type\":\"ListItem\",\"position\":2,\"name\":\"Boutique\",\"item\":\"https:\/\/inoxcosmetics.com\/fr\/boutique\/\"},{\"@type\":\"ListItem\",\"position\":3,\"name\":\"@ease Huile Apaisante &#8211; En rupture de stock-\"}]},{\"@type\":\"WebSite\",\"@id\":\"https:\/\/inoxcosmetics.com\/#website\",\"url\":\"https:\/\/inoxcosmetics.com\/\",\"name\":\"INOX\",\"description\":\"Innovation, Natural, Oxygen, Xfactor.\",\"publisher\":{\"@id\":\"https:\/\/inoxcosmetics.com\/#organization\"},\"alternateName\":\"INOX Cosmetics\",\"potentialAction\":[{\"@type\":\"SearchAction\",\"target\":{\"@type\":\"EntryPoint\",\"urlTemplate\":\"https:\/\/inoxcosmetics.com\/?s={search_term_string}\"},\"query-input\":{\"@type\":\"PropertyValueSpecification\",\"valueRequired\":true,\"valueName\":\"search_term_string\"}}],\"inLanguage\":\"fr-FR\"},{\"@type\":\"Organization\",\"@id\":\"https:\/\/inoxcosmetics.com\/#organization\",\"name\":\"INOX\",\"alternateName\":\"INOX Cosmetics\",\"url\":\"https:\/\/inoxcosmetics.com\/\",\"logo\":{\"@type\":\"ImageObject\",\"inLanguage\":\"fr-FR\",\"@id\":\"https:\/\/inoxcosmetics.com\/#\/schema\/logo\/image\/\",\"url\":\"https:\/\/inoxcosmetics.com\/wp-content\/uploads\/2022\/09\/logo.png\",\"contentUrl\":\"https:\/\/inoxcosmetics.com\/wp-content\/uploads\/2022\/09\/logo.png\",\"width\":245,\"height\":84,\"caption\":\"INOX\"},\"image\":{\"@id\":\"https:\/\/inoxcosmetics.com\/#\/schema\/logo\/image\/\"}}]}<\/script>\n<!-- \/ Yoast SEO plugin. -->","yoast_head_json":{"title":"@ease Huile Apaisante  - En rupture de stock- | INOX","description":"Ce puissant concentr\u00e9 d\u2019huiles essentielles d\u2019Arbre \u00e0 th\u00e9 et de lavande aux vertus nettoyantes antimicrobiennes, purifie et rafra\u00eechit la peau. Apaisante, cette huile calme les rougeurs et les sensations d'\u00e9chauffement de la peau apr\u00e8s rasage \u00abLame de feux \u00bb razor burn. Aide a les cicatrices d\u2019acn\u00e9. Id\u00e9al pour une utilisation quotidienne sur les peaux \u00e0 tendance acn\u00e9ique. Une huile s\u00e8che l\u00e9g\u00e8re bien appr\u00e9cie par les hommes.","robots":{"index":"index","follow":"follow","max-snippet":"max-snippet:-1","max-image-preview":"max-image-preview:large","max-video-preview":"max-video-preview:-1"},"canonical":"https:\/\/inoxcosmetics.com\/fr\/produit\/ease-huile-apaisante\/","og_locale":"fr_FR","og_type":"article","og_title":"@ease Huile Apaisante  - En rupture de stock- | INOX","og_description":"Ce puissant concentr\u00e9 d\u2019huiles essentielles d\u2019Arbre \u00e0 th\u00e9 et de lavande aux vertus nettoyantes antimicrobiennes, purifie et rafra\u00eechit la peau. Apaisante, cette huile calme les rougeurs et les sensations d'\u00e9chauffement de la peau apr\u00e8s rasage \u00abLame de feux \u00bb razor burn. Aide a les cicatrices d\u2019acn\u00e9. Id\u00e9al pour une utilisation quotidienne sur les peaux \u00e0 tendance acn\u00e9ique. Une huile s\u00e8che l\u00e9g\u00e8re bien appr\u00e9cie par les hommes.","og_url":"https:\/\/inoxcosmetics.com\/fr\/produit\/ease-huile-apaisante\/","og_site_name":"INOX","article_modified_time":"2026-05-11T18:43:57+00:00","og_image":[{"width":1200,"height":1200,"url":"https:\/\/inoxcosmetics.com\/wp-content\/uploads\/2022\/09\/inox-@ease-soothing-oil.jpg","type":"image\/jpeg"}],"twitter_card":"summary_large_image","twitter_misc":{"Dur\u00e9e de lecture estim\u00e9e":"2 minutes"},"schema":{"@context":"https:\/\/schema.org","@graph":[{"@type":"WebPage","@id":"https:\/\/inoxcosmetics.com\/fr\/produit\/ease-huile-apaisante\/","url":"https:\/\/inoxcosmetics.com\/fr\/produit\/ease-huile-apaisante\/","name":"@ease Huile Apaisante - En rupture de stock- | INOX","isPartOf":{"@id":"https:\/\/inoxcosmetics.com\/#website"},"primaryImageOfPage":{"@id":"https:\/\/inoxcosmetics.com\/fr\/produit\/ease-huile-apaisante\/#primaryimage"},"image":{"@id":"https:\/\/inoxcosmetics.com\/fr\/produit\/ease-huile-apaisante\/#primaryimage"},"thumbnailUrl":"https:\/\/inoxcosmetics.com\/wp-content\/uploads\/2022\/09\/inox-@ease-soothing-oil.jpg","datePublished":"2022-09-09T19:30:27+00:00","dateModified":"2026-05-11T18:43:57+00:00","description":"Ce puissant concentr\u00e9 d\u2019huiles essentielles d\u2019Arbre \u00e0 th\u00e9 et de lavande aux vertus nettoyantes antimicrobiennes, purifie et rafra\u00eechit la peau. Apaisante, cette huile calme les rougeurs et les sensations d'\u00e9chauffement de la peau apr\u00e8s rasage \u00abLame de feux \u00bb razor burn. Aide a les cicatrices d\u2019acn\u00e9. Id\u00e9al pour une utilisation quotidienne sur les peaux \u00e0 tendance acn\u00e9ique. Une huile s\u00e8che l\u00e9g\u00e8re bien appr\u00e9cie par les hommes.","breadcrumb":{"@id":"https:\/\/inoxcosmetics.com\/fr\/produit\/ease-huile-apaisante\/#breadcrumb"},"inLanguage":"fr-FR","potentialAction":[{"@type":"ReadAction","target":["https:\/\/inoxcosmetics.com\/fr\/produit\/ease-huile-apaisante\/"]}]},{"@type":"ImageObject","inLanguage":"fr-FR","@id":"https:\/\/inoxcosmetics.com\/fr\/produit\/ease-huile-apaisante\/#primaryimage","url":"https:\/\/inoxcosmetics.com\/wp-content\/uploads\/2022\/09\/inox-@ease-soothing-oil.jpg","contentUrl":"https:\/\/inoxcosmetics.com\/wp-content\/uploads\/2022\/09\/inox-@ease-soothing-oil.jpg","width":1200,"height":1200,"caption":"INOX @ease Huile Apaisante"},{"@type":"BreadcrumbList","@id":"https:\/\/inoxcosmetics.com\/fr\/produit\/ease-huile-apaisante\/#breadcrumb","itemListElement":[{"@type":"ListItem","position":1,"name":"Home","item":"https:\/\/inoxcosmetics.com\/fr\/"},{"@type":"ListItem","position":2,"name":"Boutique","item":"https:\/\/inoxcosmetics.com\/fr\/boutique\/"},{"@type":"ListItem","position":3,"name":"@ease Huile Apaisante &#8211; En rupture de stock-"}]},{"@type":"WebSite","@id":"https:\/\/inoxcosmetics.com\/#website","url":"https:\/\/inoxcosmetics.com\/","name":"INOX","description":"Innovation, Natural, Oxygen, Xfactor.","publisher":{"@id":"https:\/\/inoxcosmetics.com\/#organization"},"alternateName":"INOX Cosmetics","potentialAction":[{"@type":"SearchAction","target":{"@type":"EntryPoint","urlTemplate":"https:\/\/inoxcosmetics.com\/?s={search_term_string}"},"query-input":{"@type":"PropertyValueSpecification","valueRequired":true,"valueName":"search_term_string"}}],"inLanguage":"fr-FR"},{"@type":"Organization","@id":"https:\/\/inoxcosmetics.com\/#organization","name":"INOX","alternateName":"INOX Cosmetics","url":"https:\/\/inoxcosmetics.com\/","logo":{"@type":"ImageObject","inLanguage":"fr-FR","@id":"https:\/\/inoxcosmetics.com\/#\/schema\/logo\/image\/","url":"https:\/\/inoxcosmetics.com\/wp-content\/uploads\/2022\/09\/logo.png","contentUrl":"https:\/\/inoxcosmetics.com\/wp-content\/uploads\/2022\/09\/logo.png","width":245,"height":84,"caption":"INOX"},"image":{"@id":"https:\/\/inoxcosmetics.com\/#\/schema\/logo\/image\/"}}]}},"_links":{"self":[{"href":"https:\/\/inoxcosmetics.com\/fr\/wp-json\/wp\/v2\/product\/315","targetHints":{"allow":["GET"]}}],"collection":[{"href":"https:\/\/inoxcosmetics.com\/fr\/wp-json\/wp\/v2\/product"}],"about":[{"href":"https:\/\/inoxcosmetics.com\/fr\/wp-json\/wp\/v2\/types\/product"}],"replies":[{"embeddable":true,"href":"https:\/\/inoxcosmetics.com\/fr\/wp-json\/wp\/v2\/comments?post=315"}],"wp:featuredmedia":[{"embeddable":true,"href":"https:\/\/inoxcosmetics.com\/fr\/wp-json\/wp\/v2\/media\/247"}],"wp:attachment":[{"href":"https:\/\/inoxcosmetics.com\/fr\/wp-json\/wp\/v2\/media?parent=315"}],"wp:term":[{"taxonomy":"product_brand","embeddable":true,"href":"https:\/\/inoxcosmetics.com\/fr\/wp-json\/wp\/v2\/product_brand?post=315"},{"taxonomy":"product_cat","embeddable":true,"href":"https:\/\/inoxcosmetics.com\/fr\/wp-json\/wp\/v2\/product_cat?post=315"},{"taxonomy":"product_tag","embeddable":true,"href":"https:\/\/inoxcosmetics.com\/fr\/wp-json\/wp\/v2\/product_tag?post=315"},{"taxonomy":"giftcard-category","embeddable":true,"href":"https:\/\/inoxcosmetics.com\/fr\/wp-json\/wp\/v2\/giftcard-category?post=315"}],"curies":[{"name":"wp","href":"https:\/\/api.w.org\/{rel}","templated":true}]}}