{"id":308,"date":"2022-09-09T15:05:36","date_gmt":"2022-09-09T19:05:36","guid":{"rendered":"https:\/\/inoxcosmetics.com\/product\/pur-cleansing-gel\/"},"modified":"2026-05-06T11:10:45","modified_gmt":"2026-05-06T15:10:45","slug":"gel-nettoyant-pur","status":"publish","type":"product","link":"https:\/\/inoxcosmetics.com\/fr\/produit\/gel-nettoyant-pur\/","title":{"rendered":"Gel Nettoyant Pur"},"content":{"rendered":"<p>On adore ce gel nettoyant ! Messieurs, il est temps de prendre soin de votre peau.<\/p>\n<p>Ce Gel nettoyant moussant d&rsquo;arome fra\u00eeche de la mandarine et citron vert \u00e9veil vos sens!\u00a0 Laissez- vous envouter par ses aromes.<\/p>\n<p>Le Gel Pur nettoie la peau en douceur, ce produit <strong>au pH \u00e9quilibr\u00e9 aide \u00e0 restaurer la flore microbienne b\u00e9n\u00e9fique de la peau et aide \u00e0 contr\u00f4ler le s\u00e9bum.<\/strong> D\u00e8s la premi\u00e8re utilisation, la peau para\u00eet visiblement plus saine et rafra\u00eechie. Sa formulation sans SLS nettoie la peau en douceur sans <strong>aucune sensation de dess\u00e8chement ce qui en fait un nettoyant id\u00e9al pour les peaux les plus sensibles<\/strong>. Un produit pour lui mais aussi pour elle et oui, mesdames, vous pouvez l&rsquo;adopter vous aussi. Id\u00e9al pour adolescent.<\/p>\n","protected":false},"excerpt":{"rendered":"<h4>Frais, moussant, \u00e0 base d\u2019ingr\u00e9dients antibact\u00e9riens. Tous les types de peau.<\/h4>\n<p>Ultra-doux, il nettoie la peau tout en douceur.<\/p>\n<p>Ce gel nettoyant \u00e9nergisant moussant l\u00e9ger int\u00e8gre des huiles essentielles d&rsquo;\u00e9corce de mandarine et de citron vert\u00a0 ravive vos sens subtilement chaque matin. Ce nettoyant quotidien du visage respecte le PH physiologique de la peau. Nettoyant antibact\u00e9rien qui neutralise les bact\u00e9ries. Formul\u00e9 avec des pr\u00e9biotiques, zinc et PCA pour purifier et rafra\u00eechir, ce gel est excellent pour les peaux sensibles, car\u00a0 il ne\u00a0 laisse aucune sensation de dess\u00e8chement ou tiraillement gr\u00e2ce \u00e0 sa formulation sans SLS.<\/p>\n<p>&nbsp;<\/p>\n<p>Gel moussant doux | 200 ml \/ 6.76 US Fl.oz.<\/p>\n","protected":false},"featured_media":243,"comment_status":"open","ping_status":"closed","template":"","meta":[],"product_brand":[],"product_cat":[19],"product_tag":[],"giftcard-category":[],"class_list":{"0":"post-308","1":"product","2":"type-product","3":"status-publish","4":"has-post-thumbnail","6":"product_cat-for-men","8":"first","9":"instock","10":"featured","11":"taxable","12":"shipping-taxable","13":"purchasable","14":"product-type-simple"},"yoast_head":"<!-- This site is optimized with the Yoast SEO plugin v27.1.1 - https:\/\/yoast.com\/product\/yoast-seo-wordpress\/ -->\n<title>Gel Nettoyant Pur | INOX<\/title>\n<meta name=\"description\" content=\"Nettoyant frais avec ingr\u00e9dient antibact\u00e9rien qui neutralise les bact\u00e9ries responsables des odeurs. \u00c9limine efficacement toutes les impuret\u00e9s \u00e0 la surface de la peau, renforce la flore microbienne cutan\u00e9e b\u00e9n\u00e9fique et protectrice. Respecte le pH physiologique de la peau et prot\u00e8ge la barri\u00e8re d&#039;hydratation cutan\u00e9e. Contr\u00f4le le s\u00e9bum de la peau sans la dess\u00e9cher.\" \/>\n<meta name=\"robots\" content=\"index, follow, max-snippet:-1, max-image-preview:large, max-video-preview:-1\" \/>\n<link rel=\"canonical\" href=\"https:\/\/inoxcosmetics.com\/fr\/produit\/gel-nettoyant-pur\/\" \/>\n<meta property=\"og:locale\" content=\"fr_FR\" \/>\n<meta property=\"og:type\" content=\"article\" \/>\n<meta property=\"og:title\" content=\"Gel Nettoyant Pur | INOX\" \/>\n<meta property=\"og:description\" content=\"Nettoyant frais avec ingr\u00e9dient antibact\u00e9rien qui neutralise les bact\u00e9ries responsables des odeurs. \u00c9limine efficacement toutes les impuret\u00e9s \u00e0 la surface de la peau, renforce la flore microbienne cutan\u00e9e b\u00e9n\u00e9fique et protectrice. Respecte le pH physiologique de la peau et prot\u00e8ge la barri\u00e8re d&#039;hydratation cutan\u00e9e. Contr\u00f4le le s\u00e9bum de la peau sans la dess\u00e9cher.\" \/>\n<meta property=\"og:url\" content=\"https:\/\/inoxcosmetics.com\/fr\/produit\/gel-nettoyant-pur\/\" \/>\n<meta property=\"og:site_name\" content=\"INOX\" \/>\n<meta property=\"article:modified_time\" content=\"2026-05-06T15:10:45+00:00\" \/>\n<meta property=\"og:image\" content=\"https:\/\/inoxcosmetics.com\/wp-content\/uploads\/2022\/09\/Inox-pur-cleansing-gel.jpg\" \/>\n\t<meta property=\"og:image:width\" content=\"1200\" \/>\n\t<meta property=\"og:image:height\" content=\"1200\" \/>\n\t<meta property=\"og:image:type\" content=\"image\/jpeg\" \/>\n<meta name=\"twitter:card\" content=\"summary_large_image\" \/>\n<meta name=\"twitter:label1\" content=\"Dur\u00e9e de lecture estim\u00e9e\" \/>\n\t<meta name=\"twitter:data1\" content=\"1 minute\" \/>\n<script type=\"application\/ld+json\" class=\"yoast-schema-graph\">{\"@context\":\"https:\/\/schema.org\",\"@graph\":[{\"@type\":\"WebPage\",\"@id\":\"https:\/\/inoxcosmetics.com\/fr\/produit\/gel-nettoyant-pur\/\",\"url\":\"https:\/\/inoxcosmetics.com\/fr\/produit\/gel-nettoyant-pur\/\",\"name\":\"Gel Nettoyant Pur | INOX\",\"isPartOf\":{\"@id\":\"https:\/\/inoxcosmetics.com\/#website\"},\"primaryImageOfPage\":{\"@id\":\"https:\/\/inoxcosmetics.com\/fr\/produit\/gel-nettoyant-pur\/#primaryimage\"},\"image\":{\"@id\":\"https:\/\/inoxcosmetics.com\/fr\/produit\/gel-nettoyant-pur\/#primaryimage\"},\"thumbnailUrl\":\"https:\/\/inoxcosmetics.com\/wp-content\/uploads\/2022\/09\/Inox-pur-cleansing-gel.jpg\",\"datePublished\":\"2022-09-09T19:05:36+00:00\",\"dateModified\":\"2026-05-06T15:10:45+00:00\",\"description\":\"Nettoyant frais avec ingr\u00e9dient antibact\u00e9rien qui neutralise les bact\u00e9ries responsables des odeurs. \u00c9limine efficacement toutes les impuret\u00e9s \u00e0 la surface de la peau, renforce la flore microbienne cutan\u00e9e b\u00e9n\u00e9fique et protectrice. Respecte le pH physiologique de la peau et prot\u00e8ge la barri\u00e8re d'hydratation cutan\u00e9e. Contr\u00f4le le s\u00e9bum de la peau sans la dess\u00e9cher.\",\"breadcrumb\":{\"@id\":\"https:\/\/inoxcosmetics.com\/fr\/produit\/gel-nettoyant-pur\/#breadcrumb\"},\"inLanguage\":\"fr-FR\",\"potentialAction\":[{\"@type\":\"ReadAction\",\"target\":[\"https:\/\/inoxcosmetics.com\/fr\/produit\/gel-nettoyant-pur\/\"]}]},{\"@type\":\"ImageObject\",\"inLanguage\":\"fr-FR\",\"@id\":\"https:\/\/inoxcosmetics.com\/fr\/produit\/gel-nettoyant-pur\/#primaryimage\",\"url\":\"https:\/\/inoxcosmetics.com\/wp-content\/uploads\/2022\/09\/Inox-pur-cleansing-gel.jpg\",\"contentUrl\":\"https:\/\/inoxcosmetics.com\/wp-content\/uploads\/2022\/09\/Inox-pur-cleansing-gel.jpg\",\"width\":1200,\"height\":1200,\"caption\":\"INOX PUR Gel Nettoyant\"},{\"@type\":\"BreadcrumbList\",\"@id\":\"https:\/\/inoxcosmetics.com\/fr\/produit\/gel-nettoyant-pur\/#breadcrumb\",\"itemListElement\":[{\"@type\":\"ListItem\",\"position\":1,\"name\":\"Home\",\"item\":\"https:\/\/inoxcosmetics.com\/fr\/\"},{\"@type\":\"ListItem\",\"position\":2,\"name\":\"Boutique\",\"item\":\"https:\/\/inoxcosmetics.com\/fr\/boutique\/\"},{\"@type\":\"ListItem\",\"position\":3,\"name\":\"Gel Nettoyant Pur\"}]},{\"@type\":\"WebSite\",\"@id\":\"https:\/\/inoxcosmetics.com\/#website\",\"url\":\"https:\/\/inoxcosmetics.com\/\",\"name\":\"INOX\",\"description\":\"Innovation, Natural, Oxygen, Xfactor.\",\"publisher\":{\"@id\":\"https:\/\/inoxcosmetics.com\/#organization\"},\"alternateName\":\"INOX Cosmetics\",\"potentialAction\":[{\"@type\":\"SearchAction\",\"target\":{\"@type\":\"EntryPoint\",\"urlTemplate\":\"https:\/\/inoxcosmetics.com\/?s={search_term_string}\"},\"query-input\":{\"@type\":\"PropertyValueSpecification\",\"valueRequired\":true,\"valueName\":\"search_term_string\"}}],\"inLanguage\":\"fr-FR\"},{\"@type\":\"Organization\",\"@id\":\"https:\/\/inoxcosmetics.com\/#organization\",\"name\":\"INOX\",\"alternateName\":\"INOX Cosmetics\",\"url\":\"https:\/\/inoxcosmetics.com\/\",\"logo\":{\"@type\":\"ImageObject\",\"inLanguage\":\"fr-FR\",\"@id\":\"https:\/\/inoxcosmetics.com\/#\/schema\/logo\/image\/\",\"url\":\"https:\/\/inoxcosmetics.com\/wp-content\/uploads\/2022\/09\/logo.png\",\"contentUrl\":\"https:\/\/inoxcosmetics.com\/wp-content\/uploads\/2022\/09\/logo.png\",\"width\":245,\"height\":84,\"caption\":\"INOX\"},\"image\":{\"@id\":\"https:\/\/inoxcosmetics.com\/#\/schema\/logo\/image\/\"}}]}<\/script>\n<!-- \/ Yoast SEO plugin. -->","yoast_head_json":{"title":"Gel Nettoyant Pur | INOX","description":"Nettoyant frais avec ingr\u00e9dient antibact\u00e9rien qui neutralise les bact\u00e9ries responsables des odeurs. \u00c9limine efficacement toutes les impuret\u00e9s \u00e0 la surface de la peau, renforce la flore microbienne cutan\u00e9e b\u00e9n\u00e9fique et protectrice. Respecte le pH physiologique de la peau et prot\u00e8ge la barri\u00e8re d'hydratation cutan\u00e9e. Contr\u00f4le le s\u00e9bum de la peau sans la dess\u00e9cher.","robots":{"index":"index","follow":"follow","max-snippet":"max-snippet:-1","max-image-preview":"max-image-preview:large","max-video-preview":"max-video-preview:-1"},"canonical":"https:\/\/inoxcosmetics.com\/fr\/produit\/gel-nettoyant-pur\/","og_locale":"fr_FR","og_type":"article","og_title":"Gel Nettoyant Pur | INOX","og_description":"Nettoyant frais avec ingr\u00e9dient antibact\u00e9rien qui neutralise les bact\u00e9ries responsables des odeurs. \u00c9limine efficacement toutes les impuret\u00e9s \u00e0 la surface de la peau, renforce la flore microbienne cutan\u00e9e b\u00e9n\u00e9fique et protectrice. Respecte le pH physiologique de la peau et prot\u00e8ge la barri\u00e8re d'hydratation cutan\u00e9e. Contr\u00f4le le s\u00e9bum de la peau sans la dess\u00e9cher.","og_url":"https:\/\/inoxcosmetics.com\/fr\/produit\/gel-nettoyant-pur\/","og_site_name":"INOX","article_modified_time":"2026-05-06T15:10:45+00:00","og_image":[{"width":1200,"height":1200,"url":"https:\/\/inoxcosmetics.com\/wp-content\/uploads\/2022\/09\/Inox-pur-cleansing-gel.jpg","type":"image\/jpeg"}],"twitter_card":"summary_large_image","twitter_misc":{"Dur\u00e9e de lecture estim\u00e9e":"1 minute"},"schema":{"@context":"https:\/\/schema.org","@graph":[{"@type":"WebPage","@id":"https:\/\/inoxcosmetics.com\/fr\/produit\/gel-nettoyant-pur\/","url":"https:\/\/inoxcosmetics.com\/fr\/produit\/gel-nettoyant-pur\/","name":"Gel Nettoyant Pur | INOX","isPartOf":{"@id":"https:\/\/inoxcosmetics.com\/#website"},"primaryImageOfPage":{"@id":"https:\/\/inoxcosmetics.com\/fr\/produit\/gel-nettoyant-pur\/#primaryimage"},"image":{"@id":"https:\/\/inoxcosmetics.com\/fr\/produit\/gel-nettoyant-pur\/#primaryimage"},"thumbnailUrl":"https:\/\/inoxcosmetics.com\/wp-content\/uploads\/2022\/09\/Inox-pur-cleansing-gel.jpg","datePublished":"2022-09-09T19:05:36+00:00","dateModified":"2026-05-06T15:10:45+00:00","description":"Nettoyant frais avec ingr\u00e9dient antibact\u00e9rien qui neutralise les bact\u00e9ries responsables des odeurs. \u00c9limine efficacement toutes les impuret\u00e9s \u00e0 la surface de la peau, renforce la flore microbienne cutan\u00e9e b\u00e9n\u00e9fique et protectrice. Respecte le pH physiologique de la peau et prot\u00e8ge la barri\u00e8re d'hydratation cutan\u00e9e. Contr\u00f4le le s\u00e9bum de la peau sans la dess\u00e9cher.","breadcrumb":{"@id":"https:\/\/inoxcosmetics.com\/fr\/produit\/gel-nettoyant-pur\/#breadcrumb"},"inLanguage":"fr-FR","potentialAction":[{"@type":"ReadAction","target":["https:\/\/inoxcosmetics.com\/fr\/produit\/gel-nettoyant-pur\/"]}]},{"@type":"ImageObject","inLanguage":"fr-FR","@id":"https:\/\/inoxcosmetics.com\/fr\/produit\/gel-nettoyant-pur\/#primaryimage","url":"https:\/\/inoxcosmetics.com\/wp-content\/uploads\/2022\/09\/Inox-pur-cleansing-gel.jpg","contentUrl":"https:\/\/inoxcosmetics.com\/wp-content\/uploads\/2022\/09\/Inox-pur-cleansing-gel.jpg","width":1200,"height":1200,"caption":"INOX PUR Gel Nettoyant"},{"@type":"BreadcrumbList","@id":"https:\/\/inoxcosmetics.com\/fr\/produit\/gel-nettoyant-pur\/#breadcrumb","itemListElement":[{"@type":"ListItem","position":1,"name":"Home","item":"https:\/\/inoxcosmetics.com\/fr\/"},{"@type":"ListItem","position":2,"name":"Boutique","item":"https:\/\/inoxcosmetics.com\/fr\/boutique\/"},{"@type":"ListItem","position":3,"name":"Gel Nettoyant Pur"}]},{"@type":"WebSite","@id":"https:\/\/inoxcosmetics.com\/#website","url":"https:\/\/inoxcosmetics.com\/","name":"INOX","description":"Innovation, Natural, Oxygen, Xfactor.","publisher":{"@id":"https:\/\/inoxcosmetics.com\/#organization"},"alternateName":"INOX Cosmetics","potentialAction":[{"@type":"SearchAction","target":{"@type":"EntryPoint","urlTemplate":"https:\/\/inoxcosmetics.com\/?s={search_term_string}"},"query-input":{"@type":"PropertyValueSpecification","valueRequired":true,"valueName":"search_term_string"}}],"inLanguage":"fr-FR"},{"@type":"Organization","@id":"https:\/\/inoxcosmetics.com\/#organization","name":"INOX","alternateName":"INOX Cosmetics","url":"https:\/\/inoxcosmetics.com\/","logo":{"@type":"ImageObject","inLanguage":"fr-FR","@id":"https:\/\/inoxcosmetics.com\/#\/schema\/logo\/image\/","url":"https:\/\/inoxcosmetics.com\/wp-content\/uploads\/2022\/09\/logo.png","contentUrl":"https:\/\/inoxcosmetics.com\/wp-content\/uploads\/2022\/09\/logo.png","width":245,"height":84,"caption":"INOX"},"image":{"@id":"https:\/\/inoxcosmetics.com\/#\/schema\/logo\/image\/"}}]}},"_links":{"self":[{"href":"https:\/\/inoxcosmetics.com\/fr\/wp-json\/wp\/v2\/product\/308","targetHints":{"allow":["GET"]}}],"collection":[{"href":"https:\/\/inoxcosmetics.com\/fr\/wp-json\/wp\/v2\/product"}],"about":[{"href":"https:\/\/inoxcosmetics.com\/fr\/wp-json\/wp\/v2\/types\/product"}],"replies":[{"embeddable":true,"href":"https:\/\/inoxcosmetics.com\/fr\/wp-json\/wp\/v2\/comments?post=308"}],"wp:featuredmedia":[{"embeddable":true,"href":"https:\/\/inoxcosmetics.com\/fr\/wp-json\/wp\/v2\/media\/243"}],"wp:attachment":[{"href":"https:\/\/inoxcosmetics.com\/fr\/wp-json\/wp\/v2\/media?parent=308"}],"wp:term":[{"taxonomy":"product_brand","embeddable":true,"href":"https:\/\/inoxcosmetics.com\/fr\/wp-json\/wp\/v2\/product_brand?post=308"},{"taxonomy":"product_cat","embeddable":true,"href":"https:\/\/inoxcosmetics.com\/fr\/wp-json\/wp\/v2\/product_cat?post=308"},{"taxonomy":"product_tag","embeddable":true,"href":"https:\/\/inoxcosmetics.com\/fr\/wp-json\/wp\/v2\/product_tag?post=308"},{"taxonomy":"giftcard-category","embeddable":true,"href":"https:\/\/inoxcosmetics.com\/fr\/wp-json\/wp\/v2\/giftcard-category?post=308"}],"curies":[{"name":"wp","href":"https:\/\/api.w.org\/{rel}","templated":true}]}}