{"id":306,"date":"2022-09-13T14:52:52","date_gmt":"2022-09-13T18:52:52","guid":{"rendered":"https:\/\/inoxcosmetics.com\/product\/egift-card\/"},"modified":"2022-11-14T10:40:42","modified_gmt":"2022-11-14T15:40:42","slug":"ecarte-cadeau","status":"publish","type":"product","link":"https:\/\/inoxcosmetics.com\/fr\/produit\/ecarte-cadeau\/","title":{"rendered":"eCarte-Cadeau"},"content":{"rendered":"","protected":false},"excerpt":{"rendered":"<h3>Le Cadeau Parfait<\/h3>\n<p class=\"lead\">Vous magasinez pour quelqu\u2019un d\u2019autre et vous ne savez pas quoi lui offrir? Pourquoi pas le cadeau de choix avec une <strong>eCarte-Cadeau!<\/strong><\/p>\n<p>Les eCarte-Cadeau sont livr\u00e9es par e-mail et contiennent des instructions sur la fa\u00e7on de les \u00e9changer lors du paiement. Les eCarte-Cadeau n\u2019ont pas de frais suppl\u00e9mentaires et n\u2019expirent jamais.<\/p>\n","protected":false},"featured_media":273,"comment_status":"closed","ping_status":"closed","template":"","meta":[],"product_brand":[],"product_cat":[49],"product_tag":[],"giftcard-category":[],"class_list":{"0":"post-306","1":"product","2":"type-product","3":"status-publish","4":"has-post-thumbnail","6":"product_cat-pour-hommes","8":"first","9":"instock","10":"virtual","11":"purchasable","12":"product-type-gift-card"},"yoast_head":"<!-- This site is optimized with the Yoast SEO plugin v27.1.1 - https:\/\/yoast.com\/product\/yoast-seo-wordpress\/ -->\n<title>eCarte-Cadeau | INOX<\/title>\n<meta name=\"description\" content=\"Les eCarte-Cadeau sont livr\u00e9es par e-mail et contiennent des instructions sur la fa\u00e7on de les \u00e9changer lors du paiement. Les eCarte-Cadeau n\u2019ont pas de frais suppl\u00e9mentaires et n\u2019expirent jamais.\" \/>\n<meta name=\"robots\" content=\"index, follow, max-snippet:-1, max-image-preview:large, max-video-preview:-1\" \/>\n<link rel=\"canonical\" href=\"https:\/\/inoxcosmetics.com\/fr\/produit\/ecarte-cadeau\/\" \/>\n<meta property=\"og:locale\" content=\"fr_FR\" \/>\n<meta property=\"og:type\" content=\"article\" \/>\n<meta property=\"og:title\" content=\"eCarte-Cadeau | INOX\" \/>\n<meta property=\"og:description\" content=\"Les eCarte-Cadeau sont livr\u00e9es par e-mail et contiennent des instructions sur la fa\u00e7on de les \u00e9changer lors du paiement. Les eCarte-Cadeau n\u2019ont pas de frais suppl\u00e9mentaires et n\u2019expirent jamais.\" \/>\n<meta property=\"og:url\" content=\"https:\/\/inoxcosmetics.com\/fr\/produit\/ecarte-cadeau\/\" \/>\n<meta property=\"og:site_name\" content=\"INOX\" \/>\n<meta property=\"article:modified_time\" content=\"2022-11-14T15:40:42+00:00\" \/>\n<meta property=\"og:image\" content=\"https:\/\/inoxcosmetics.com\/wp-content\/uploads\/2022\/09\/e-Gift-Card.jpg\" \/>\n\t<meta property=\"og:image:width\" content=\"1200\" \/>\n\t<meta property=\"og:image:height\" content=\"1200\" \/>\n\t<meta property=\"og:image:type\" content=\"image\/jpeg\" \/>\n<meta name=\"twitter:card\" content=\"summary_large_image\" \/>\n<script type=\"application\/ld+json\" class=\"yoast-schema-graph\">{\"@context\":\"https:\/\/schema.org\",\"@graph\":[{\"@type\":\"WebPage\",\"@id\":\"https:\/\/inoxcosmetics.com\/fr\/produit\/ecarte-cadeau\/\",\"url\":\"https:\/\/inoxcosmetics.com\/fr\/produit\/ecarte-cadeau\/\",\"name\":\"eCarte-Cadeau | INOX\",\"isPartOf\":{\"@id\":\"https:\/\/inoxcosmetics.com\/#website\"},\"primaryImageOfPage\":{\"@id\":\"https:\/\/inoxcosmetics.com\/fr\/produit\/ecarte-cadeau\/#primaryimage\"},\"image\":{\"@id\":\"https:\/\/inoxcosmetics.com\/fr\/produit\/ecarte-cadeau\/#primaryimage\"},\"thumbnailUrl\":\"https:\/\/inoxcosmetics.com\/wp-content\/uploads\/2022\/09\/e-Gift-Card.jpg\",\"datePublished\":\"2022-09-13T18:52:52+00:00\",\"dateModified\":\"2022-11-14T15:40:42+00:00\",\"description\":\"Les eCarte-Cadeau sont livr\u00e9es par e-mail et contiennent des instructions sur la fa\u00e7on de les \u00e9changer lors du paiement. Les eCarte-Cadeau n\u2019ont pas de frais suppl\u00e9mentaires et n\u2019expirent jamais.\",\"breadcrumb\":{\"@id\":\"https:\/\/inoxcosmetics.com\/fr\/produit\/ecarte-cadeau\/#breadcrumb\"},\"inLanguage\":\"fr-FR\",\"potentialAction\":[{\"@type\":\"ReadAction\",\"target\":[\"https:\/\/inoxcosmetics.com\/fr\/produit\/ecarte-cadeau\/\"]}]},{\"@type\":\"ImageObject\",\"inLanguage\":\"fr-FR\",\"@id\":\"https:\/\/inoxcosmetics.com\/fr\/produit\/ecarte-cadeau\/#primaryimage\",\"url\":\"https:\/\/inoxcosmetics.com\/wp-content\/uploads\/2022\/09\/e-Gift-Card.jpg\",\"contentUrl\":\"https:\/\/inoxcosmetics.com\/wp-content\/uploads\/2022\/09\/e-Gift-Card.jpg\",\"width\":1200,\"height\":1200,\"caption\":\"eCarte-Cadeau\"},{\"@type\":\"BreadcrumbList\",\"@id\":\"https:\/\/inoxcosmetics.com\/fr\/produit\/ecarte-cadeau\/#breadcrumb\",\"itemListElement\":[{\"@type\":\"ListItem\",\"position\":1,\"name\":\"Home\",\"item\":\"https:\/\/inoxcosmetics.com\/fr\/\"},{\"@type\":\"ListItem\",\"position\":2,\"name\":\"Boutique\",\"item\":\"https:\/\/inoxcosmetics.com\/fr\/boutique\/\"},{\"@type\":\"ListItem\",\"position\":3,\"name\":\"eCarte-Cadeau\"}]},{\"@type\":\"WebSite\",\"@id\":\"https:\/\/inoxcosmetics.com\/#website\",\"url\":\"https:\/\/inoxcosmetics.com\/\",\"name\":\"INOX\",\"description\":\"Innovation, Natural, Oxygen, Xfactor.\",\"publisher\":{\"@id\":\"https:\/\/inoxcosmetics.com\/#organization\"},\"alternateName\":\"INOX Cosmetics\",\"potentialAction\":[{\"@type\":\"SearchAction\",\"target\":{\"@type\":\"EntryPoint\",\"urlTemplate\":\"https:\/\/inoxcosmetics.com\/?s={search_term_string}\"},\"query-input\":{\"@type\":\"PropertyValueSpecification\",\"valueRequired\":true,\"valueName\":\"search_term_string\"}}],\"inLanguage\":\"fr-FR\"},{\"@type\":\"Organization\",\"@id\":\"https:\/\/inoxcosmetics.com\/#organization\",\"name\":\"INOX\",\"alternateName\":\"INOX Cosmetics\",\"url\":\"https:\/\/inoxcosmetics.com\/\",\"logo\":{\"@type\":\"ImageObject\",\"inLanguage\":\"fr-FR\",\"@id\":\"https:\/\/inoxcosmetics.com\/#\/schema\/logo\/image\/\",\"url\":\"https:\/\/inoxcosmetics.com\/wp-content\/uploads\/2022\/09\/logo.png\",\"contentUrl\":\"https:\/\/inoxcosmetics.com\/wp-content\/uploads\/2022\/09\/logo.png\",\"width\":245,\"height\":84,\"caption\":\"INOX\"},\"image\":{\"@id\":\"https:\/\/inoxcosmetics.com\/#\/schema\/logo\/image\/\"}}]}<\/script>\n<!-- \/ Yoast SEO plugin. -->","yoast_head_json":{"title":"eCarte-Cadeau | INOX","description":"Les eCarte-Cadeau sont livr\u00e9es par e-mail et contiennent des instructions sur la fa\u00e7on de les \u00e9changer lors du paiement. Les eCarte-Cadeau n\u2019ont pas de frais suppl\u00e9mentaires et n\u2019expirent jamais.","robots":{"index":"index","follow":"follow","max-snippet":"max-snippet:-1","max-image-preview":"max-image-preview:large","max-video-preview":"max-video-preview:-1"},"canonical":"https:\/\/inoxcosmetics.com\/fr\/produit\/ecarte-cadeau\/","og_locale":"fr_FR","og_type":"article","og_title":"eCarte-Cadeau | INOX","og_description":"Les eCarte-Cadeau sont livr\u00e9es par e-mail et contiennent des instructions sur la fa\u00e7on de les \u00e9changer lors du paiement. Les eCarte-Cadeau n\u2019ont pas de frais suppl\u00e9mentaires et n\u2019expirent jamais.","og_url":"https:\/\/inoxcosmetics.com\/fr\/produit\/ecarte-cadeau\/","og_site_name":"INOX","article_modified_time":"2022-11-14T15:40:42+00:00","og_image":[{"width":1200,"height":1200,"url":"https:\/\/inoxcosmetics.com\/wp-content\/uploads\/2022\/09\/e-Gift-Card.jpg","type":"image\/jpeg"}],"twitter_card":"summary_large_image","schema":{"@context":"https:\/\/schema.org","@graph":[{"@type":"WebPage","@id":"https:\/\/inoxcosmetics.com\/fr\/produit\/ecarte-cadeau\/","url":"https:\/\/inoxcosmetics.com\/fr\/produit\/ecarte-cadeau\/","name":"eCarte-Cadeau | INOX","isPartOf":{"@id":"https:\/\/inoxcosmetics.com\/#website"},"primaryImageOfPage":{"@id":"https:\/\/inoxcosmetics.com\/fr\/produit\/ecarte-cadeau\/#primaryimage"},"image":{"@id":"https:\/\/inoxcosmetics.com\/fr\/produit\/ecarte-cadeau\/#primaryimage"},"thumbnailUrl":"https:\/\/inoxcosmetics.com\/wp-content\/uploads\/2022\/09\/e-Gift-Card.jpg","datePublished":"2022-09-13T18:52:52+00:00","dateModified":"2022-11-14T15:40:42+00:00","description":"Les eCarte-Cadeau sont livr\u00e9es par e-mail et contiennent des instructions sur la fa\u00e7on de les \u00e9changer lors du paiement. Les eCarte-Cadeau n\u2019ont pas de frais suppl\u00e9mentaires et n\u2019expirent jamais.","breadcrumb":{"@id":"https:\/\/inoxcosmetics.com\/fr\/produit\/ecarte-cadeau\/#breadcrumb"},"inLanguage":"fr-FR","potentialAction":[{"@type":"ReadAction","target":["https:\/\/inoxcosmetics.com\/fr\/produit\/ecarte-cadeau\/"]}]},{"@type":"ImageObject","inLanguage":"fr-FR","@id":"https:\/\/inoxcosmetics.com\/fr\/produit\/ecarte-cadeau\/#primaryimage","url":"https:\/\/inoxcosmetics.com\/wp-content\/uploads\/2022\/09\/e-Gift-Card.jpg","contentUrl":"https:\/\/inoxcosmetics.com\/wp-content\/uploads\/2022\/09\/e-Gift-Card.jpg","width":1200,"height":1200,"caption":"eCarte-Cadeau"},{"@type":"BreadcrumbList","@id":"https:\/\/inoxcosmetics.com\/fr\/produit\/ecarte-cadeau\/#breadcrumb","itemListElement":[{"@type":"ListItem","position":1,"name":"Home","item":"https:\/\/inoxcosmetics.com\/fr\/"},{"@type":"ListItem","position":2,"name":"Boutique","item":"https:\/\/inoxcosmetics.com\/fr\/boutique\/"},{"@type":"ListItem","position":3,"name":"eCarte-Cadeau"}]},{"@type":"WebSite","@id":"https:\/\/inoxcosmetics.com\/#website","url":"https:\/\/inoxcosmetics.com\/","name":"INOX","description":"Innovation, Natural, Oxygen, Xfactor.","publisher":{"@id":"https:\/\/inoxcosmetics.com\/#organization"},"alternateName":"INOX Cosmetics","potentialAction":[{"@type":"SearchAction","target":{"@type":"EntryPoint","urlTemplate":"https:\/\/inoxcosmetics.com\/?s={search_term_string}"},"query-input":{"@type":"PropertyValueSpecification","valueRequired":true,"valueName":"search_term_string"}}],"inLanguage":"fr-FR"},{"@type":"Organization","@id":"https:\/\/inoxcosmetics.com\/#organization","name":"INOX","alternateName":"INOX Cosmetics","url":"https:\/\/inoxcosmetics.com\/","logo":{"@type":"ImageObject","inLanguage":"fr-FR","@id":"https:\/\/inoxcosmetics.com\/#\/schema\/logo\/image\/","url":"https:\/\/inoxcosmetics.com\/wp-content\/uploads\/2022\/09\/logo.png","contentUrl":"https:\/\/inoxcosmetics.com\/wp-content\/uploads\/2022\/09\/logo.png","width":245,"height":84,"caption":"INOX"},"image":{"@id":"https:\/\/inoxcosmetics.com\/#\/schema\/logo\/image\/"}}]}},"_links":{"self":[{"href":"https:\/\/inoxcosmetics.com\/fr\/wp-json\/wp\/v2\/product\/306","targetHints":{"allow":["GET"]}}],"collection":[{"href":"https:\/\/inoxcosmetics.com\/fr\/wp-json\/wp\/v2\/product"}],"about":[{"href":"https:\/\/inoxcosmetics.com\/fr\/wp-json\/wp\/v2\/types\/product"}],"replies":[{"embeddable":true,"href":"https:\/\/inoxcosmetics.com\/fr\/wp-json\/wp\/v2\/comments?post=306"}],"wp:featuredmedia":[{"embeddable":true,"href":"https:\/\/inoxcosmetics.com\/fr\/wp-json\/wp\/v2\/media\/273"}],"wp:attachment":[{"href":"https:\/\/inoxcosmetics.com\/fr\/wp-json\/wp\/v2\/media?parent=306"}],"wp:term":[{"taxonomy":"product_brand","embeddable":true,"href":"https:\/\/inoxcosmetics.com\/fr\/wp-json\/wp\/v2\/product_brand?post=306"},{"taxonomy":"product_cat","embeddable":true,"href":"https:\/\/inoxcosmetics.com\/fr\/wp-json\/wp\/v2\/product_cat?post=306"},{"taxonomy":"product_tag","embeddable":true,"href":"https:\/\/inoxcosmetics.com\/fr\/wp-json\/wp\/v2\/product_tag?post=306"},{"taxonomy":"giftcard-category","embeddable":true,"href":"https:\/\/inoxcosmetics.com\/fr\/wp-json\/wp\/v2\/giftcard-category?post=306"}],"curies":[{"name":"wp","href":"https:\/\/api.w.org\/{rel}","templated":true}]}}