{"id":292,"date":"2022-09-15T10:17:32","date_gmt":"2022-09-15T14:17:32","guid":{"rendered":"https:\/\/inoxcosmetics.com\/inox-loyalty-program\/"},"modified":"2022-11-11T12:42:53","modified_gmt":"2022-11-11T17:42:53","slug":"programme-fidelisation-inox","status":"publish","type":"page","link":"https:\/\/inoxcosmetics.com\/fr\/programme-fidelisation-inox\/","title":{"rendered":"Programme de Fid\u00e9lisation INOX"},"content":{"rendered":"\n\t<section class=\"section\" id=\"section_641489918\">\n\t\t<div class=\"section-bg fill\" >\n\t\t\t<img loading=\"lazy\" decoding=\"async\" width=\"980\" height=\"836\" src=\"https:\/\/inoxcosmetics.com\/wp-content\/uploads\/2022\/11\/inox-02.jpg\" class=\"bg attachment-original size-original\" alt=\"\" \/>\t\t\t\t\t\t<div class=\"section-bg-overlay absolute fill\"><\/div>\n\t\t\t\n\n\t\t<\/div>\n\n\t\t\n\n\t\t<div class=\"section-content relative\">\n\t\t\t\n<div class=\"row row-collapse row-full-width align-middle align-center\"  id=\"row-302567511\">\n\n\t<div id=\"col-1276842546\" class=\"col medium-12 small-12 large-6 medium-col-first\"  >\n\t\t\t\t<div class=\"col-inner\"  >\n\t\t\t\n\t\t\t\n\n  <div class=\"banner has-hover\" id=\"banner-224196394\">\n          <div class=\"banner-inner fill\">\n        <div class=\"banner-bg fill\" >\n                                                \n                    <\/div>\n\t\t\n        <div class=\"banner-layers container\">\n            <div class=\"fill banner-link\"><\/div>            \n        <\/div>\n      <\/div>\n\n            \n<style>\n#banner-224196394 {\n  padding-top: 300px;\n  background-color: rgba(255, 255, 255, 0);\n}\n#banner-224196394 .banner-bg img {\n  object-position: 100% 49%;\n}\n@media (min-width:550px) {\n  #banner-224196394 {\n    padding-top: 400px;\n  }\n}\n@media (min-width:850px) {\n  #banner-224196394 {\n    padding-top: 550px;\n  }\n}\n<\/style>\n  <\/div>\n\n\n\t\t<\/div>\n\t\t\t\t\t<\/div>\n\n\t\n\n\t<div id=\"col-826213835\" class=\"col index-up medium-12 small-11 large-6\"  >\n\t\t\t\t<div class=\"col-inner\"  >\n\t\t\t\n\t\t\t\n\t<div id=\"gap-1919603742\" class=\"gap-element clearfix\" style=\"display:block; height:auto;\">\n\t\t\n<style>\n#gap-1919603742 {\n  padding-top: 30px;\n}\n<\/style>\n\t<\/div>\n\t\n<div class=\"row align-center\"  id=\"row-1693573785\">\n\n\t<div id=\"col-228878253\" class=\"col index-up medium-11 small-12 large-12\"  >\n\t\t\t\t<div class=\"col-inner text-center\" style=\"background-color:rgb(255, 255, 255);\" >\n\t\t\t\n\t\t\t\n<h2>Programme de Fid\u00e9lisation<\/h2>\n<p>Gagnez des <strong>points de r\u00e9compense INOX <\/strong>\u00e0 chaque fois que vous achetez. INOX propose un programme de points de fid\u00e9lit\u00e9 pour remercier les clients de leur fid\u00e9lit\u00e9. Vous pouvez utiliser vos points pour tout achat \u00e0 tout moment pour l\u2019un de nos produits en ligne. Aucun minimum *, aucune commande multiple requise, aucun d\u00e9sordre. Juste propre et simple. Lors du paiement, choisissez simplement le nombre de points que vous souhaitez mettre sur votre commande et la valeur sera supprim\u00e9e de votre montant total avant taxes, livraison et apr\u00e8s rabais.<\/p>\n\t\t<\/div>\n\t\t\t\t\n<style>\n#col-228878253 > .col-inner {\n  padding: 15% 10% 15% 10%;\n  margin: -100px 0px 0px 0px;\n  border-radius: 5px;\n}\n@media (min-width:550px) {\n  #col-228878253 > .col-inner {\n    padding: 6% 6% 6% 6%;\n    margin: -150px 0px 0px 0px;\n  }\n}\n@media (min-width:850px) {\n  #col-228878253 > .col-inner {\n    padding: 7% 10% 7% 10%;\n    margin: 0px 0px 0px -100px;\n  }\n}\n<\/style>\n\t<\/div>\n\n\t\n<\/div>\n\t\t<\/div>\n\t\t\t\t\n<style>\n#col-826213835 > .col-inner {\n  padding: 10px 0px 20px 0px;\n}\n@media (min-width:550px) {\n  #col-826213835 > .col-inner {\n    padding: 35px 0px 30px 0px;\n  }\n}\n@media (min-width:850px) {\n  #col-826213835 > .col-inner {\n    padding: 0 0px 0px 0px;\n  }\n}\n<\/style>\n\t<\/div>\n\n\t\n<\/div>\n\t\t<\/div>\n\n\t\t\n<style>\n#section_641489918 {\n  padding-top: 0px;\n  padding-bottom: 0px;\n  margin-bottom: 0px;\n  background-color: rgb(0,0,0);\n}\n#section_641489918 .section-bg-overlay {\n  background-color: rgba(0,0,0,.5);\n}\n#section_641489918 .section-bg img {\n  object-position: 32% 27%;\n}\n@media (min-width:550px) {\n  #section_641489918 {\n    padding-top: 0px;\n    padding-bottom: 0px;\n  }\n}\n<\/style>\n\t<\/section>\n\t\n\n\t<section class=\"section\" id=\"section_512653722\">\n\t\t<div class=\"section-bg fill\" >\n\t\t\t\t\t\t\t\t\t\n\t\t\t\n\n\t\t<\/div>\n\n\t\t\n\n\t\t<div class=\"section-content relative\">\n\t\t\t\n\t<div id=\"gap-1056055655\" class=\"gap-element clearfix\" style=\"display:block; height:auto;\">\n\t\t\n<style>\n#gap-1056055655 {\n  padding-top: 30px;\n}\n<\/style>\n\t<\/div>\n\t\n<div class=\"row\"  id=\"row-1819635546\">\n\n\t<div id=\"col-961635517\" class=\"col medium-4 small-12 large-4\"  >\n\t\t\t\t<div class=\"col-inner\"  >\n\t\t\t\n\t\t\t\n\t<div id=\"text-1845663428\" class=\"text\">\n\t\t\n<h5>Pourquoi Adh\u00e9rer ?<\/h5>\n\t\t\n<style>\n#text-1845663428 {\n  font-size: 1.75rem;\n}\n<\/style>\n\t<\/div>\n\t\n\t\t<\/div>\n\t\t\t\t\t<\/div>\n\n\t\n\n\t<div id=\"col-1778877664\" class=\"col medium-8 small-12 large-8\"  >\n\t\t\t\t<div class=\"col-inner\"  >\n\t\t\t\n\t\t\t\n<p>Recevrez des <strong>Points INOX<\/strong> avec chaque achat. <strong>C\u2019est GRATUIT et FACILE!<\/strong> Les points peuvent \u00eatre utilis\u00e9s pour recevoir des rabais sur tout produit \u00e9ligible.<\/p>\n\t\t<\/div>\n\t\t\t\t\t<\/div>\n\n\t\n<\/div>\n<div class=\"row\"  id=\"row-406699213\">\n\n\t<div id=\"col-639558257\" class=\"col medium-4 small-12 large-4\"  >\n\t\t\t\t<div class=\"col-inner\"  >\n\t\t\t\n\t\t\t\n\t<div id=\"text-2415951876\" class=\"text\">\n\t\t\n<h5>Comment \u00e7a Fonctionne ?<\/h5>\n\t\t\n<style>\n#text-2415951876 {\n  font-size: 1.75rem;\n}\n<\/style>\n\t<\/div>\n\t\n\t\t<\/div>\n\t\t\t\t\t<\/div>\n\n\t\n\n\t<div id=\"col-1490158882\" class=\"col medium-8 small-12 large-8\"  >\n\t\t\t\t<div class=\"col-inner\"  >\n\t\t\t\n\t\t\t\n<p>Vous devez avoir un compte configur\u00e9 pour \u00eatre \u00e9ligible au <strong>programme de fid\u00e9lit\u00e9 INOX<\/strong>.<\/p>\n<p>Recevez 1 point pour chaque dollar d\u00e9pens\u00e9. Les points sont bas\u00e9s sur le prix de d\u00e9tail avant taxes, livraison et apr\u00e8s rabais. Si vous \u00eates un client existant, connectez-vous et commencez \u00e0 magasiner. Les points seront attribu\u00e9s une fois que l\u2019\u00e9tat de la commande aura atteint le statut Termin\u00e9.<\/p>\n\t\t<\/div>\n\t\t\t\t\t<\/div>\n\n\t\n<\/div>\n<div class=\"row\"  id=\"row-304666525\">\n\n\t<div id=\"col-203628377\" class=\"col medium-4 small-12 large-4\"  >\n\t\t\t\t<div class=\"col-inner\"  >\n\t\t\t\n\t\t\t\n\t<div id=\"text-3275220209\" class=\"text\">\n\t\t\n<h5>Formule de Conversion<\/h5>\n\t\t\n<style>\n#text-3275220209 {\n  font-size: 1.75rem;\n}\n<\/style>\n\t<\/div>\n\t\n\t\t<\/div>\n\t\t\t\t\t<\/div>\n\n\t\n\n\t<div id=\"col-89093237\" class=\"col medium-8 small-12 large-8\"  >\n\t\t\t\t<div class=\"col-inner\"  >\n\t\t\t\n\t\t\t\n<p>Les Points INOX valent 1$ chacun:<\/p>\n<ul>\n<li class=\"bullet-arrow\">1$ d\u00e9pens\u00e9 = point de r\u00e9compense (0.10$)<\/li>\n<li class=\"bullet-arrow\">100 points de r\u00e9compense = 10$ de cr\u00e9dit<\/li>\n<\/ul>\n<p>Pour ceux qui n\u2019aiment pas les calculs, nous avons un <strong>syst\u00e8me de r\u00e9compense de 10%<\/strong>. De temps en temps, nous pouvons avoir des offres sp\u00e9ciales incluant les jours o\u00f9 les points r\u00e9compense sont doubl\u00e9s, voire tripl\u00e9s ou encore, des points en extra sont offerts sur certains produits, etc\u2026<\/p>\n\t\t<\/div>\n\t\t\t\t\t<\/div>\n\n\t\n<\/div>\n<div class=\"row\"  id=\"row-853986289\">\n\n\t<div id=\"col-1700316522\" class=\"col medium-4 small-12 large-4\"  >\n\t\t\t\t<div class=\"col-inner\"  >\n\t\t\t\n\t\t\t\n\t<div id=\"text-2318874850\" class=\"text\">\n\t\t\n<h5>Comment Les R\u00e9clamer?<\/h5>\n\t\t\n<style>\n#text-2318874850 {\n  font-size: 1.75rem;\n}\n<\/style>\n\t<\/div>\n\t\n\t\t<\/div>\n\t\t\t\t\t<\/div>\n\n\t\n\n\t<div id=\"col-1550878581\" class=\"col medium-8 small-12 large-8\"  >\n\t\t\t\t<div class=\"col-inner\"  >\n\t\t\t\n\t\t\t\n<p>Les Points INOX peuvent \u00eatre r\u00e9clam\u00e9s pendant le paiement. Vous n\u2019avez qu\u2019\u00e0 entrer le nombre de points \u00e0 utiliser lors de votre achat, et nous ajusterons le prix automatiquement.<\/p>\n\t\t<\/div>\n\t\t\t\t\t<\/div>\n\n\t\n<\/div>\n<div class=\"row\"  id=\"row-1843181354\">\n\n\t<div id=\"col-1783290832\" class=\"col medium-4 small-12 large-4\"  >\n\t\t\t\t<div class=\"col-inner\"  >\n\t\t\t\n\t\t\t\n\t<div id=\"text-2031241323\" class=\"text\">\n\t\t\n<h5>Conditions<\/h5>\n\t\t\n<style>\n#text-2031241323 {\n  font-size: 1.75rem;\n}\n<\/style>\n\t<\/div>\n\t\n\t\t<\/div>\n\t\t\t\t\t<\/div>\n\n\t\n\n\t<div id=\"col-579932262\" class=\"col medium-8 small-12 large-8\"  >\n\t\t\t\t<div class=\"col-inner\"  >\n\t\t\t\n\t\t\t\n<ul>\n<li class=\"bullet-arrow\">Les Points INOX sont seulement pour vous! Ils ne peuvent \u00eatre vendus, transf\u00e9r\u00e9s ou \u00e9chang\u00e9s.<\/li>\n<li class=\"bullet-arrow\">Les Points INOX n\u2019ont aucune valeur en argent, et ne peuvent \u00eatre \u00e9chang\u00e9s pour de l\u2019argent.<\/li>\n<li class=\"bullet-arrow\">Recevez des Points INOX pour chaque dollar d\u00e9pens\u00e9 avant taxes, livraison et apr\u00e8s rabais.<\/li>\n<li class=\"bullet-arrow\">Les Points INOX ne peuvent \u00eatre utilis\u00e9s pour payer la livraison ou les taxes.<\/li>\n<li class=\"bullet-arrow\">Les coupons ne seront pas appliqu\u00e9s si des Points INOX sont utilis\u00e9s sur une commande.<\/li>\n<li class=\"bullet-arrow\">Les Points INOX seront attribu\u00e9s une fois que l\u2019\u00e9tat de la commande aura atteint le statut Termin\u00e9.<\/li>\n<li class=\"bullet-arrow\">Les Points INOX ne peuvent \u00eatre accumul\u00e9s pour des articles ayant \u00e9t\u00e9 retourn\u00e9s. Nous d\u00e9duirons automatiquement de votre compte le nombre de points appropri\u00e9.<\/li>\n<\/ul>\n<p>Veuillez <a href=\"\/fr\/contact\/\"><strong>nous contacter<\/strong><\/a> pour toute question ou demande.<\/p>\n\t\t<\/div>\n\t\t\t\t\t<\/div>\n\n\t\n<\/div>\n\t\t<\/div>\n\n\t\t\n<style>\n#section_512653722 {\n  padding-top: 30px;\n  padding-bottom: 30px;\n}\n<\/style>\n\t<\/section>\n\t\n","protected":false},"excerpt":{"rendered":"","protected":false},"author":1,"featured_media":0,"parent":0,"menu_order":0,"comment_status":"closed","ping_status":"closed","template":"page-blank.php","meta":{"footnotes":""},"class_list":["post-292","page","type-page","status-publish","hentry"],"yoast_head":"<!-- This site is optimized with the Yoast SEO plugin v27.1.1 - https:\/\/yoast.com\/product\/yoast-seo-wordpress\/ -->\n<title>Programme de Fid\u00e9lisation INOX | INOX<\/title>\n<meta name=\"robots\" content=\"index, follow, max-snippet:-1, max-image-preview:large, max-video-preview:-1\" \/>\n<link rel=\"canonical\" href=\"https:\/\/inoxcosmetics.com\/fr\/programme-fidelisation-inox\/\" \/>\n<meta property=\"og:locale\" content=\"fr_FR\" \/>\n<meta property=\"og:type\" content=\"article\" \/>\n<meta property=\"og:title\" content=\"Programme de Fid\u00e9lisation INOX | INOX\" \/>\n<meta property=\"og:url\" content=\"https:\/\/inoxcosmetics.com\/fr\/programme-fidelisation-inox\/\" \/>\n<meta property=\"og:site_name\" content=\"INOX\" \/>\n<meta property=\"article:modified_time\" content=\"2022-11-11T17:42:53+00:00\" \/>\n<meta name=\"twitter:card\" content=\"summary_large_image\" \/>\n<meta name=\"twitter:label1\" content=\"Dur\u00e9e de lecture estim\u00e9e\" \/>\n\t<meta name=\"twitter:data1\" content=\"3 minutes\" \/>\n<script type=\"application\/ld+json\" class=\"yoast-schema-graph\">{\"@context\":\"https:\/\/schema.org\",\"@graph\":[{\"@type\":\"WebPage\",\"@id\":\"https:\/\/inoxcosmetics.com\/fr\/programme-fidelisation-inox\/\",\"url\":\"https:\/\/inoxcosmetics.com\/fr\/programme-fidelisation-inox\/\",\"name\":\"Programme de Fid\u00e9lisation INOX | INOX\",\"isPartOf\":{\"@id\":\"https:\/\/inoxcosmetics.com\/#website\"},\"datePublished\":\"2022-09-15T14:17:32+00:00\",\"dateModified\":\"2022-11-11T17:42:53+00:00\",\"breadcrumb\":{\"@id\":\"https:\/\/inoxcosmetics.com\/fr\/programme-fidelisation-inox\/#breadcrumb\"},\"inLanguage\":\"fr-FR\",\"potentialAction\":[{\"@type\":\"ReadAction\",\"target\":[\"https:\/\/inoxcosmetics.com\/fr\/programme-fidelisation-inox\/\"]}]},{\"@type\":\"BreadcrumbList\",\"@id\":\"https:\/\/inoxcosmetics.com\/fr\/programme-fidelisation-inox\/#breadcrumb\",\"itemListElement\":[{\"@type\":\"ListItem\",\"position\":1,\"name\":\"Home\",\"item\":\"https:\/\/inoxcosmetics.com\/fr\/\"},{\"@type\":\"ListItem\",\"position\":2,\"name\":\"Programme de Fid\u00e9lisation INOX\"}]},{\"@type\":\"WebSite\",\"@id\":\"https:\/\/inoxcosmetics.com\/#website\",\"url\":\"https:\/\/inoxcosmetics.com\/\",\"name\":\"INOX\",\"description\":\"Innovation, Natural, Oxygen, Xfactor.\",\"publisher\":{\"@id\":\"https:\/\/inoxcosmetics.com\/#organization\"},\"alternateName\":\"INOX Cosmetics\",\"potentialAction\":[{\"@type\":\"SearchAction\",\"target\":{\"@type\":\"EntryPoint\",\"urlTemplate\":\"https:\/\/inoxcosmetics.com\/?s={search_term_string}\"},\"query-input\":{\"@type\":\"PropertyValueSpecification\",\"valueRequired\":true,\"valueName\":\"search_term_string\"}}],\"inLanguage\":\"fr-FR\"},{\"@type\":\"Organization\",\"@id\":\"https:\/\/inoxcosmetics.com\/#organization\",\"name\":\"INOX\",\"alternateName\":\"INOX Cosmetics\",\"url\":\"https:\/\/inoxcosmetics.com\/\",\"logo\":{\"@type\":\"ImageObject\",\"inLanguage\":\"fr-FR\",\"@id\":\"https:\/\/inoxcosmetics.com\/#\/schema\/logo\/image\/\",\"url\":\"https:\/\/inoxcosmetics.com\/wp-content\/uploads\/2022\/09\/logo.png\",\"contentUrl\":\"https:\/\/inoxcosmetics.com\/wp-content\/uploads\/2022\/09\/logo.png\",\"width\":245,\"height\":84,\"caption\":\"INOX\"},\"image\":{\"@id\":\"https:\/\/inoxcosmetics.com\/#\/schema\/logo\/image\/\"}}]}<\/script>\n<!-- \/ Yoast SEO plugin. -->","yoast_head_json":{"title":"Programme de Fid\u00e9lisation INOX | INOX","robots":{"index":"index","follow":"follow","max-snippet":"max-snippet:-1","max-image-preview":"max-image-preview:large","max-video-preview":"max-video-preview:-1"},"canonical":"https:\/\/inoxcosmetics.com\/fr\/programme-fidelisation-inox\/","og_locale":"fr_FR","og_type":"article","og_title":"Programme de Fid\u00e9lisation INOX | INOX","og_url":"https:\/\/inoxcosmetics.com\/fr\/programme-fidelisation-inox\/","og_site_name":"INOX","article_modified_time":"2022-11-11T17:42:53+00:00","twitter_card":"summary_large_image","twitter_misc":{"Dur\u00e9e de lecture estim\u00e9e":"3 minutes"},"schema":{"@context":"https:\/\/schema.org","@graph":[{"@type":"WebPage","@id":"https:\/\/inoxcosmetics.com\/fr\/programme-fidelisation-inox\/","url":"https:\/\/inoxcosmetics.com\/fr\/programme-fidelisation-inox\/","name":"Programme de Fid\u00e9lisation INOX | INOX","isPartOf":{"@id":"https:\/\/inoxcosmetics.com\/#website"},"datePublished":"2022-09-15T14:17:32+00:00","dateModified":"2022-11-11T17:42:53+00:00","breadcrumb":{"@id":"https:\/\/inoxcosmetics.com\/fr\/programme-fidelisation-inox\/#breadcrumb"},"inLanguage":"fr-FR","potentialAction":[{"@type":"ReadAction","target":["https:\/\/inoxcosmetics.com\/fr\/programme-fidelisation-inox\/"]}]},{"@type":"BreadcrumbList","@id":"https:\/\/inoxcosmetics.com\/fr\/programme-fidelisation-inox\/#breadcrumb","itemListElement":[{"@type":"ListItem","position":1,"name":"Home","item":"https:\/\/inoxcosmetics.com\/fr\/"},{"@type":"ListItem","position":2,"name":"Programme de Fid\u00e9lisation INOX"}]},{"@type":"WebSite","@id":"https:\/\/inoxcosmetics.com\/#website","url":"https:\/\/inoxcosmetics.com\/","name":"INOX","description":"Innovation, Natural, Oxygen, Xfactor.","publisher":{"@id":"https:\/\/inoxcosmetics.com\/#organization"},"alternateName":"INOX Cosmetics","potentialAction":[{"@type":"SearchAction","target":{"@type":"EntryPoint","urlTemplate":"https:\/\/inoxcosmetics.com\/?s={search_term_string}"},"query-input":{"@type":"PropertyValueSpecification","valueRequired":true,"valueName":"search_term_string"}}],"inLanguage":"fr-FR"},{"@type":"Organization","@id":"https:\/\/inoxcosmetics.com\/#organization","name":"INOX","alternateName":"INOX Cosmetics","url":"https:\/\/inoxcosmetics.com\/","logo":{"@type":"ImageObject","inLanguage":"fr-FR","@id":"https:\/\/inoxcosmetics.com\/#\/schema\/logo\/image\/","url":"https:\/\/inoxcosmetics.com\/wp-content\/uploads\/2022\/09\/logo.png","contentUrl":"https:\/\/inoxcosmetics.com\/wp-content\/uploads\/2022\/09\/logo.png","width":245,"height":84,"caption":"INOX"},"image":{"@id":"https:\/\/inoxcosmetics.com\/#\/schema\/logo\/image\/"}}]}},"_links":{"self":[{"href":"https:\/\/inoxcosmetics.com\/fr\/wp-json\/wp\/v2\/pages\/292","targetHints":{"allow":["GET"]}}],"collection":[{"href":"https:\/\/inoxcosmetics.com\/fr\/wp-json\/wp\/v2\/pages"}],"about":[{"href":"https:\/\/inoxcosmetics.com\/fr\/wp-json\/wp\/v2\/types\/page"}],"author":[{"embeddable":true,"href":"https:\/\/inoxcosmetics.com\/fr\/wp-json\/wp\/v2\/users\/1"}],"replies":[{"embeddable":true,"href":"https:\/\/inoxcosmetics.com\/fr\/wp-json\/wp\/v2\/comments?post=292"}],"version-history":[{"count":0,"href":"https:\/\/inoxcosmetics.com\/fr\/wp-json\/wp\/v2\/pages\/292\/revisions"}],"wp:attachment":[{"href":"https:\/\/inoxcosmetics.com\/fr\/wp-json\/wp\/v2\/media?parent=292"}],"curies":[{"name":"wp","href":"https:\/\/api.w.org\/{rel}","templated":true}]}}